{"id":1027,"date":"2024-03-09T22:05:59","date_gmt":"2024-03-09T22:05:59","guid":{"rendered":"https:\/\/itw.hilldevelop.com\/?page_id=1027"},"modified":"2024-04-03T16:36:35","modified_gmt":"2024-04-03T16:36:35","slug":"politica-de-cookies","status":"publish","type":"page","link":"https:\/\/itwsport.com\/gl\/politica-de-cookies\/","title":{"rendered":"Pol\u00edtica de Cookies"},"content":{"rendered":"<div data-elementor-type=\"wp-page\" data-elementor-id=\"1027\" class=\"elementor elementor-1027\" data-elementor-post-type=\"page\">\n\t\t\t\t\t\t<section class=\"elementor-section elementor-top-section elementor-element elementor-element-2c76edfb elementor-section-full_width elementor-section-height-default elementor-section-height-default\" data-id=\"2c76edfb\" data-element_type=\"section\" data-settings=\"{&quot;background_background&quot;:&quot;classic&quot;}\">\n\t\t\t\t\t\t\t<div class=\"elementor-background-overlay\"><\/div>\n\t\t\t\t\t\t\t<div class=\"elementor-container elementor-column-gap-no\">\n\t\t\t\t\t<div class=\"elementor-column elementor-col-100 elementor-top-column elementor-element elementor-element-3f0984e6\" data-id=\"3f0984e6\" data-element_type=\"column\" data-settings=\"{&quot;background_background&quot;:&quot;classic&quot;}\">\n\t\t\t<div class=\"elementor-widget-wrap elementor-element-populated\">\n\t\t\t\t\t<div class=\"elementor-background-overlay\"><\/div>\n\t\t\t\t\t\t<section class=\"elementor-section elementor-inner-section elementor-element elementor-element-1aa423d elementor-section-content-middle elementor-section-boxed elementor-section-height-default elementor-section-height-default\" data-id=\"1aa423d\" data-element_type=\"section\">\n\t\t\t\t\t\t\t<div class=\"elementor-background-overlay\"><\/div>\n\t\t\t\t\t\t\t<div class=\"elementor-container elementor-column-gap-default\">\n\t\t\t\t\t<div class=\"elementor-column elementor-col-100 elementor-inner-column elementor-element elementor-element-612925a4\" data-id=\"612925a4\" data-element_type=\"column\" data-settings=\"{&quot;background_background&quot;:&quot;classic&quot;}\">\n\t\t\t<div class=\"elementor-widget-wrap elementor-element-populated\">\n\t\t\t\t\t<div class=\"elementor-background-overlay\"><\/div>\n\t\t\t\t\t\t<div class=\"elementor-element elementor-element-7b232d5f elementor-widget elementor-widget-heading\" data-id=\"7b232d5f\" data-element_type=\"widget\" data-widget_type=\"heading.default\">\n\t\t\t\t<div class=\"elementor-widget-container\">\n\t\t\t\t\t<h1 class=\"elementor-heading-title elementor-size-default\">Pol\u00edtica de Cookies<\/h1>\t\t\t\t<\/div>\n\t\t\t\t<\/div>\n\t\t\t\t\t<\/div>\n\t\t<\/div>\n\t\t\t\t\t<\/div>\n\t\t<\/section>\n\t\t\t\t\t<\/div>\n\t\t<\/div>\n\t\t\t\t\t<\/div>\n\t\t<\/section>\n\t\t<div class=\"elementor-element elementor-element-88915cf e-flex e-con-boxed e-con e-parent\" data-id=\"88915cf\" data-element_type=\"container\">\n\t\t\t\t\t<div class=\"e-con-inner\">\n\t\t\t\t<div class=\"elementor-element elementor-element-8182110 elementor-widget elementor-widget-text-editor\" data-id=\"8182110\" data-element_type=\"widget\" data-widget_type=\"text-editor.default\">\n\t\t\t\t<div class=\"elementor-widget-container\">\n\t\t\t\t\t\t\t\t\t<p>La presente web utiliza cookies con el fin de facilitar la navegaci\u00f3n y ofrecer un servicio personalizado y m\u00e1s \u00e1gil. El Usuario puede configurar su programa de navegaci\u00f3n por Internet para no recibir dichas cookies; en tal caso la calidad y rapidez en la navegaci\u00f3n en la web puede disminuir.<\/p><p><strong>\u00bfQu\u00e9 son las cookies y para qu\u00e9 sirven?<br \/><\/strong>Las cookies son archivos que las p\u00e1ginas web pueden instalar en su dispositivo (ordenador, tableta, smartphone, etc.) con finalidades muy variadas. El principal objetivo es facilitar la navegaci\u00f3n por parte del Usuario, pero tambi\u00e9n pueden recopilar otra informaci\u00f3n como, por ejemplo, para fines estad\u00edsticos.<\/p><p>Mediante el uso de cookies, se mejora el rendimiento t\u00e9cnico de la web, adaptando la navegaci\u00f3n a las preferencias de los usuarios. Por otra parte, la informaci\u00f3n estad\u00edstica recogida a partir de las cookies, permite a los responsables de la web mejorar el servicio que ofrecen.<\/p><p><strong>Tipolog\u00eda de cookies<br \/><\/strong>Seg\u00fan su permanencia, las cookies se clasifican en cookies de sesi\u00f3n o permanentes. Las primeras expiran cuando se cierra el navegador, mientras que las segundas expiran cuando ya han cumplido su funci\u00f3n o cuando se borran manualmente.<\/p><p>COOKIES DE RENDIMIENTO: Estas cookies guardan las preferencias de ciertas herramientas para no tener que configurarlas cada vez que se accede a la web.<\/p><p>COOKIES ANAL\u00cdTICAS: Son las cookies que permiten analizar el tr\u00e1fico por la web y analizar estad\u00edsticamente el uso de los diversos servicios que ofrece la web. La recopilaci\u00f3n de estos datos es de forma an\u00f3nima y no va ligada a ning\u00fan dato de car\u00e1cter personal.<\/p><p>COOKIES DE GEOLOCALIZACI\u00d3N: Estas cookies detectan, de manera an\u00f3nima, el pa\u00eds en que se encuentra el usuario para ofrecer contenidos y servicios m\u00e1s adecuados.<\/p><p>COOKIES DE REGISTRO: Son cookies que se generan cuando el usuario se ha registrado y sirven para identificar las cuentas de usuario y sus servicios asociados.<\/p><p>COOKIES DE PUBLICIDAD: Son las cookies que posibilitan gestionar los diferentes anuncios mostrados en la web, adaptando el contenido del espacio publicitario al uso que realiza en la web.<\/p><p>COOKIES DE TERCEROS: Estas cookies de terceros pueden ser instaladas en la p\u00e1gina con el objetivo de mejorar los servicios que estos terceros ofrecen. Por ejemplo, los enlaces a redes sociales para compartir los contenidos de la web.<\/p><p><strong>\u00bfEs posible eliminar la instalaci\u00f3n de cookies?<br \/><\/strong>Todos los navegadores permiten bloquear o eliminar las cookies si el Usuario as\u00ed lo prefiere. A continuaci\u00f3n, se muestran indicaciones para realizarlo:<br \/>Internet Explorer: Herramientas &gt; Opciones de Internet &gt; Privacidad &gt; Configuraci\u00f3n<br \/>Firefox: Herramientas &gt; Opciones &gt; Privacidad &gt; Historial &gt; Configuraci\u00f3n Personalizada<br \/>Chrome: Configuraci\u00f3n &gt; Mostrar opciones avanzadas &gt; Privacidad &gt; Configuraci\u00f3n de contenido<br \/>Safari: Preferencias &gt; Seguridad<\/p>\t\t\t\t\t\t\t\t<\/div>\n\t\t\t\t<\/div>\n\t\t\t\t\t<\/div>\n\t\t\t\t<\/div>\n\t\t\t\t<\/div>","protected":false},"excerpt":{"rendered":"<p>Pol\u00edtica de Cookies La presente web utiliza cookies con el fin de facilitar la navegaci\u00f3n y ofrecer un servicio personalizado y m\u00e1s \u00e1gil. El Usuario puede configurar su programa de navegaci\u00f3n por Internet para no recibir dichas cookies; en tal caso la calidad y rapidez en la navegaci\u00f3n en la web puede disminuir. \u00bfQu\u00e9 son [&hellip;]<\/p>","protected":false},"author":1,"featured_media":0,"parent":0,"menu_order":0,"comment_status":"closed","ping_status":"closed","template":"","meta":{"_acf_changed":false,"footnotes":""},"class_list":["post-1027","page","type-page","status-publish","hentry"],"acf":[],"yoast_head":"<!-- This site is optimized with the Yoast SEO plugin v26.4 - https:\/\/yoast.com\/wordpress\/plugins\/seo\/ -->\n<title>Pol\u00edtica de Cookies - ITW Sport<\/title>\n<meta name=\"robots\" content=\"noindex, follow\" \/>\n<meta property=\"og:locale\" content=\"en_US\" \/>\n<meta property=\"og:type\" content=\"article\" \/>\n<meta property=\"og:title\" content=\"Pol\u00edtica de Cookies - ITW Sport\" \/>\n<meta property=\"og:description\" content=\"Pol\u00edtica de Cookies La presente web utiliza cookies con el fin de facilitar la navegaci\u00f3n y ofrecer un servicio personalizado y m\u00e1s \u00e1gil. El Usuario puede configurar su programa de navegaci\u00f3n por Internet para no recibir dichas cookies; en tal caso la calidad y rapidez en la navegaci\u00f3n en la web puede disminuir. \u00bfQu\u00e9 son [&hellip;]\" \/>\n<meta property=\"og:url\" content=\"https:\/\/itwsport.com\/gl\/politica-de-cookies\/\" \/>\n<meta property=\"og:site_name\" content=\"ITW Sport\" \/>\n<meta property=\"article:modified_time\" content=\"2024-04-03T16:36:35+00:00\" \/>\n<meta name=\"twitter:card\" content=\"summary_large_image\" \/>\n<meta name=\"twitter:label1\" content=\"Est. reading time\" \/>\n\t<meta name=\"twitter:data1\" content=\"2 minutes\" \/>\n<script type=\"application\/ld+json\" class=\"yoast-schema-graph\">{\"@context\":\"https:\/\/schema.org\",\"@graph\":[{\"@type\":\"WebPage\",\"@id\":\"https:\/\/itwsport.com\/politica-de-cookies\/\",\"url\":\"https:\/\/itwsport.com\/politica-de-cookies\/\",\"name\":\"Pol\u00edtica de Cookies - ITW Sport\",\"isPartOf\":{\"@id\":\"https:\/\/itwsport.com\/#website\"},\"datePublished\":\"2024-03-09T22:05:59+00:00\",\"dateModified\":\"2024-04-03T16:36:35+00:00\",\"breadcrumb\":{\"@id\":\"https:\/\/itwsport.com\/politica-de-cookies\/#breadcrumb\"},\"inLanguage\":\"gl-ES\",\"potentialAction\":[{\"@type\":\"ReadAction\",\"target\":[\"https:\/\/itwsport.com\/politica-de-cookies\/\"]}]},{\"@type\":\"BreadcrumbList\",\"@id\":\"https:\/\/itwsport.com\/politica-de-cookies\/#breadcrumb\",\"itemListElement\":[{\"@type\":\"ListItem\",\"position\":1,\"name\":\"Portada\",\"item\":\"https:\/\/itwsport.com\/\"},{\"@type\":\"ListItem\",\"position\":2,\"name\":\"Pol\u00edtica de Cookies\"}]},{\"@type\":\"WebSite\",\"@id\":\"https:\/\/itwsport.com\/#website\",\"url\":\"https:\/\/itwsport.com\/\",\"name\":\"ITW Sport\",\"description\":\"- Entrenamientos Deportivos\",\"publisher\":{\"@id\":\"https:\/\/itwsport.com\/#organization\"},\"potentialAction\":[{\"@type\":\"SearchAction\",\"target\":{\"@type\":\"EntryPoint\",\"urlTemplate\":\"https:\/\/itwsport.com\/?s={search_term_string}\"},\"query-input\":{\"@type\":\"PropertyValueSpecification\",\"valueRequired\":true,\"valueName\":\"search_term_string\"}}],\"inLanguage\":\"gl-ES\"},{\"@type\":\"Organization\",\"@id\":\"https:\/\/itwsport.com\/#organization\",\"name\":\"ITW Sport\",\"url\":\"https:\/\/itwsport.com\/\",\"logo\":{\"@type\":\"ImageObject\",\"inLanguage\":\"gl-ES\",\"@id\":\"https:\/\/itwsport.com\/#\/schema\/logo\/image\/\",\"url\":\"https:\/\/itwsport.com\/wp-content\/uploads\/2024\/03\/Recurso-58aaaa@4x.png\",\"contentUrl\":\"https:\/\/itwsport.com\/wp-content\/uploads\/2024\/03\/Recurso-58aaaa@4x.png\",\"width\":673,\"height\":178,\"caption\":\"ITW Sport\"},\"image\":{\"@id\":\"https:\/\/itwsport.com\/#\/schema\/logo\/image\/\"}}]}<\/script>\n<!-- \/ Yoast SEO plugin. -->","yoast_head_json":{"title":"Pol\u00edtica de Cookies - ITW Sport","robots":{"index":"noindex","follow":"follow"},"og_locale":"en_US","og_type":"article","og_title":"Pol\u00edtica de Cookies - ITW Sport","og_description":"Pol\u00edtica de Cookies La presente web utiliza cookies con el fin de facilitar la navegaci\u00f3n y ofrecer un servicio personalizado y m\u00e1s \u00e1gil. El Usuario puede configurar su programa de navegaci\u00f3n por Internet para no recibir dichas cookies; en tal caso la calidad y rapidez en la navegaci\u00f3n en la web puede disminuir. \u00bfQu\u00e9 son [&hellip;]","og_url":"https:\/\/itwsport.com\/gl\/politica-de-cookies\/","og_site_name":"ITW Sport","article_modified_time":"2024-04-03T16:36:35+00:00","twitter_card":"summary_large_image","twitter_misc":{"Est. reading time":"2 minutes"},"schema":{"@context":"https:\/\/schema.org","@graph":[{"@type":"WebPage","@id":"https:\/\/itwsport.com\/politica-de-cookies\/","url":"https:\/\/itwsport.com\/politica-de-cookies\/","name":"Pol\u00edtica de Cookies - ITW Sport","isPartOf":{"@id":"https:\/\/itwsport.com\/#website"},"datePublished":"2024-03-09T22:05:59+00:00","dateModified":"2024-04-03T16:36:35+00:00","breadcrumb":{"@id":"https:\/\/itwsport.com\/politica-de-cookies\/#breadcrumb"},"inLanguage":"gl-ES","potentialAction":[{"@type":"ReadAction","target":["https:\/\/itwsport.com\/politica-de-cookies\/"]}]},{"@type":"BreadcrumbList","@id":"https:\/\/itwsport.com\/politica-de-cookies\/#breadcrumb","itemListElement":[{"@type":"ListItem","position":1,"name":"Portada","item":"https:\/\/itwsport.com\/"},{"@type":"ListItem","position":2,"name":"Pol\u00edtica de Cookies"}]},{"@type":"WebSite","@id":"https:\/\/itwsport.com\/#website","url":"https:\/\/itwsport.com\/","name":"ITW Sport","description":"- Adestramento deportivo","publisher":{"@id":"https:\/\/itwsport.com\/#organization"},"potentialAction":[{"@type":"SearchAction","target":{"@type":"EntryPoint","urlTemplate":"https:\/\/itwsport.com\/?s={search_term_string}"},"query-input":{"@type":"PropertyValueSpecification","valueRequired":true,"valueName":"search_term_string"}}],"inLanguage":"gl-ES"},{"@type":"Organization","@id":"https:\/\/itwsport.com\/#organization","name":"ITW Sport","url":"https:\/\/itwsport.com\/","logo":{"@type":"ImageObject","inLanguage":"gl-ES","@id":"https:\/\/itwsport.com\/#\/schema\/logo\/image\/","url":"https:\/\/itwsport.com\/wp-content\/uploads\/2024\/03\/Recurso-58aaaa@4x.png","contentUrl":"https:\/\/itwsport.com\/wp-content\/uploads\/2024\/03\/Recurso-58aaaa@4x.png","width":673,"height":178,"caption":"ITW Sport"},"image":{"@id":"https:\/\/itwsport.com\/#\/schema\/logo\/image\/"}}]}},"_links":{"self":[{"href":"https:\/\/itwsport.com\/gl\/wp-json\/wp\/v2\/pages\/1027","targetHints":{"allow":["GET"]}}],"collection":[{"href":"https:\/\/itwsport.com\/gl\/wp-json\/wp\/v2\/pages"}],"about":[{"href":"https:\/\/itwsport.com\/gl\/wp-json\/wp\/v2\/types\/page"}],"author":[{"embeddable":true,"href":"https:\/\/itwsport.com\/gl\/wp-json\/wp\/v2\/users\/1"}],"replies":[{"embeddable":true,"href":"https:\/\/itwsport.com\/gl\/wp-json\/wp\/v2\/comments?post=1027"}],"version-history":[{"count":7,"href":"https:\/\/itwsport.com\/gl\/wp-json\/wp\/v2\/pages\/1027\/revisions"}],"predecessor-version":[{"id":3829,"href":"https:\/\/itwsport.com\/gl\/wp-json\/wp\/v2\/pages\/1027\/revisions\/3829"}],"wp:attachment":[{"href":"https:\/\/itwsport.com\/gl\/wp-json\/wp\/v2\/media?parent=1027"}],"curies":[{"name":"wp","href":"https:\/\/api.w.org\/{rel}","templated":true}]}}