{"id":1027,"date":"2024-03-09T22:05:59","date_gmt":"2024-03-09T22:05:59","guid":{"rendered":"https:\/\/itw.hilldevelop.com\/?page_id=1027"},"modified":"2024-04-03T16:36:35","modified_gmt":"2024-04-03T16:36:35","slug":"politique-en-matiere-de-cookies","status":"publish","type":"page","link":"https:\/\/itwsport.com\/fr\/politique-en-matiere-de-cookies\/","title":{"rendered":"Politique en mati\u00e8re de cookies"},"content":{"rendered":"<div data-elementor-type=\"wp-page\" data-elementor-id=\"1027\" class=\"elementor elementor-1027\" data-elementor-post-type=\"page\">\n\t\t\t\t\t\t<section class=\"elementor-section elementor-top-section elementor-element elementor-element-2c76edfb elementor-section-full_width elementor-section-height-default elementor-section-height-default\" data-id=\"2c76edfb\" data-element_type=\"section\" data-settings=\"{&quot;background_background&quot;:&quot;classic&quot;}\">\n\t\t\t\t\t\t\t<div class=\"elementor-background-overlay\"><\/div>\n\t\t\t\t\t\t\t<div class=\"elementor-container elementor-column-gap-no\">\n\t\t\t\t\t<div class=\"elementor-column elementor-col-100 elementor-top-column elementor-element elementor-element-3f0984e6\" data-id=\"3f0984e6\" data-element_type=\"column\" data-settings=\"{&quot;background_background&quot;:&quot;classic&quot;}\">\n\t\t\t<div class=\"elementor-widget-wrap elementor-element-populated\">\n\t\t\t\t\t<div class=\"elementor-background-overlay\"><\/div>\n\t\t\t\t\t\t<section class=\"elementor-section elementor-inner-section elementor-element elementor-element-1aa423d elementor-section-content-middle elementor-section-boxed elementor-section-height-default elementor-section-height-default\" data-id=\"1aa423d\" data-element_type=\"section\">\n\t\t\t\t\t\t\t<div class=\"elementor-background-overlay\"><\/div>\n\t\t\t\t\t\t\t<div class=\"elementor-container elementor-column-gap-default\">\n\t\t\t\t\t<div class=\"elementor-column elementor-col-100 elementor-inner-column elementor-element elementor-element-612925a4\" data-id=\"612925a4\" data-element_type=\"column\" data-settings=\"{&quot;background_background&quot;:&quot;classic&quot;}\">\n\t\t\t<div class=\"elementor-widget-wrap elementor-element-populated\">\n\t\t\t\t\t<div class=\"elementor-background-overlay\"><\/div>\n\t\t\t\t\t\t<div class=\"elementor-element elementor-element-7b232d5f elementor-widget elementor-widget-heading\" data-id=\"7b232d5f\" data-element_type=\"widget\" data-widget_type=\"heading.default\">\n\t\t\t\t<div class=\"elementor-widget-container\">\n\t\t\t\t\t<h1 class=\"elementor-heading-title elementor-size-default\">Politique en mati\u00e8re de cookies<\/h1>\t\t\t\t<\/div>\n\t\t\t\t<\/div>\n\t\t\t\t\t<\/div>\n\t\t<\/div>\n\t\t\t\t\t<\/div>\n\t\t<\/section>\n\t\t\t\t\t<\/div>\n\t\t<\/div>\n\t\t\t\t\t<\/div>\n\t\t<\/section>\n\t\t<div class=\"elementor-element elementor-element-88915cf e-flex e-con-boxed e-con e-parent\" data-id=\"88915cf\" data-element_type=\"container\">\n\t\t\t\t\t<div class=\"e-con-inner\">\n\t\t\t\t<div class=\"elementor-element elementor-element-8182110 elementor-widget elementor-widget-text-editor\" data-id=\"8182110\" data-element_type=\"widget\" data-widget_type=\"text-editor.default\">\n\t\t\t\t<div class=\"elementor-widget-container\">\n\t\t\t\t\t\t\t\t\t<p>Ce site web utilise des cookies afin de faciliter la navigation et d'offrir un service personnalis\u00e9 et plus rapide. L'utilisateur peut configurer son logiciel de navigation Internet pour ne pas recevoir ces cookies ; dans ce cas, la qualit\u00e9 et la rapidit\u00e9 de la navigation sur le site peuvent \u00eatre r\u00e9duites.<\/p><p><strong>Que sont les cookies et \u00e0 quoi servent-ils ?<br \/><\/strong>Les cookies sont des fichiers que les sites internet peuvent installer sur votre appareil (ordinateur, tablette, smartphone, etc.) \u00e0 des fins diverses. L'objectif principal est de faciliter la navigation de l'Utilisateur, mais ils peuvent \u00e9galement collecter d'autres informations, par exemple \u00e0 des fins statistiques.<\/p><p>L'utilisation de cookies permet d'am\u00e9liorer les performances techniques du site web, en adaptant la navigation aux pr\u00e9f\u00e9rences de l'utilisateur. D'autre part, les informations statistiques collect\u00e9es par les cookies permettent aux responsables du site d'am\u00e9liorer le service qu'ils offrent.<\/p><p><strong>Types de cookies<br \/><\/strong>En fonction de leur permanence, les cookies sont class\u00e9s en cookies de session ou en cookies permanents. Les premiers expirent lorsque le navigateur est ferm\u00e9, tandis que les seconds expirent lorsqu'ils ont rempli leur fonction ou lorsqu'ils sont supprim\u00e9s manuellement.<\/p><p>COOKIES DE PERFORMANCE : Ces cookies enregistrent les pr\u00e9f\u00e9rences de certains outils afin que vous n'ayez pas \u00e0 les configurer \u00e0 chaque fois que vous acc\u00e9dez au site web.<\/p><p>COOKIES ANALYTIQUES : Il s'agit de cookies qui nous permettent d'analyser le trafic web et d'effectuer une analyse statistique de l'utilisation des diff\u00e9rents services offerts par le site web. Ces donn\u00e9es sont collect\u00e9es de mani\u00e8re anonyme et ne sont pas li\u00e9es \u00e0 des donn\u00e9es personnelles.<\/p><p>COOKIES DE GEOLOCATION : Ces cookies d\u00e9tectent, de mani\u00e8re anonyme, le pays dans lequel se trouve l'utilisateur afin de lui offrir un contenu et des services plus appropri\u00e9s.<\/p><p>COOKIES D'ENREGISTREMENT : Ces cookies sont g\u00e9n\u00e9r\u00e9s lorsque l'utilisateur s'est enregistr\u00e9 et sont utilis\u00e9s pour identifier les comptes d'utilisateur et les services associ\u00e9s.<\/p><p>COOKIES PUBLICITAIRES : Il s'agit de cookies qui permettent de g\u00e9rer les diff\u00e9rentes publicit\u00e9s affich\u00e9es sur le site web, en adaptant le contenu de l'espace publicitaire \u00e0 l'utilisation qui est faite du site web.<\/p><p>THIRD PARTY COOKIES : Ces cookies de tiers peuvent \u00eatre install\u00e9s sur le site web afin d'am\u00e9liorer les services offerts par ces tiers. Par exemple, des liens vers les r\u00e9seaux sociaux pour partager le contenu du site web.<\/p><p><strong>Est-il possible de supprimer l'installation de cookies ?<br \/><\/strong>Tous les navigateurs vous permettent de bloquer ou de supprimer les cookies si vous le souhaitez. Vous trouverez ci-dessous des instructions sur la mani\u00e8re de proc\u00e9der :<br \/>Internet Explorer : Outils &gt; Options Internet &gt; Confidentialit\u00e9 &gt; Param\u00e8tres<br \/>Firefox : Outils &gt; Options &gt; Confidentialit\u00e9 &gt; Confidentialit\u00e9 &gt; Historique &gt; Param\u00e8tres personnalis\u00e9s<br \/>Chrome : Param\u00e8tres &gt; Afficher les options avanc\u00e9es &gt; Confidentialit\u00e9 &gt; Param\u00e8tres de contenu<br \/>Safari : Pr\u00e9f\u00e9rences &gt; S\u00e9curit\u00e9<\/p>\t\t\t\t\t\t\t\t<\/div>\n\t\t\t\t<\/div>\n\t\t\t\t\t<\/div>\n\t\t\t\t<\/div>\n\t\t\t\t<\/div>","protected":false},"excerpt":{"rendered":"<p>Pol\u00edtica de Cookies La presente web utiliza cookies con el fin de facilitar la navegaci\u00f3n y ofrecer un servicio personalizado y m\u00e1s \u00e1gil. El Usuario puede configurar su programa de navegaci\u00f3n por Internet para no recibir dichas cookies; en tal caso la calidad y rapidez en la navegaci\u00f3n en la web puede disminuir. \u00bfQu\u00e9 son [&hellip;]<\/p>","protected":false},"author":1,"featured_media":0,"parent":0,"menu_order":0,"comment_status":"closed","ping_status":"closed","template":"","meta":{"_acf_changed":false,"footnotes":""},"class_list":["post-1027","page","type-page","status-publish","hentry"],"acf":[],"yoast_head":"<!-- This site is optimized with the Yoast SEO plugin v26.4 - https:\/\/yoast.com\/wordpress\/plugins\/seo\/ -->\n<title>Pol\u00edtica de Cookies - ITW Sport<\/title>\n<meta name=\"robots\" content=\"noindex, follow\" \/>\n<meta property=\"og:locale\" content=\"fr_FR\" \/>\n<meta property=\"og:type\" content=\"article\" \/>\n<meta property=\"og:title\" content=\"Pol\u00edtica de Cookies - ITW Sport\" \/>\n<meta property=\"og:description\" content=\"Pol\u00edtica de Cookies La presente web utiliza cookies con el fin de facilitar la navegaci\u00f3n y ofrecer un servicio personalizado y m\u00e1s \u00e1gil. El Usuario puede configurar su programa de navegaci\u00f3n por Internet para no recibir dichas cookies; en tal caso la calidad y rapidez en la navegaci\u00f3n en la web puede disminuir. \u00bfQu\u00e9 son [&hellip;]\" \/>\n<meta property=\"og:url\" content=\"https:\/\/itwsport.com\/fr\/politique-en-matiere-de-cookies\/\" \/>\n<meta property=\"og:site_name\" content=\"ITW Sport\" \/>\n<meta property=\"article:modified_time\" content=\"2024-04-03T16:36:35+00:00\" \/>\n<meta name=\"twitter:card\" content=\"summary_large_image\" \/>\n<meta name=\"twitter:label1\" content=\"Dur\u00e9e de lecture estim\u00e9e\" \/>\n\t<meta name=\"twitter:data1\" content=\"2 minutes\" \/>\n<script type=\"application\/ld+json\" class=\"yoast-schema-graph\">{\"@context\":\"https:\/\/schema.org\",\"@graph\":[{\"@type\":\"WebPage\",\"@id\":\"https:\/\/itwsport.com\/politica-de-cookies\/\",\"url\":\"https:\/\/itwsport.com\/politica-de-cookies\/\",\"name\":\"Pol\u00edtica de Cookies - ITW Sport\",\"isPartOf\":{\"@id\":\"https:\/\/itwsport.com\/#website\"},\"datePublished\":\"2024-03-09T22:05:59+00:00\",\"dateModified\":\"2024-04-03T16:36:35+00:00\",\"breadcrumb\":{\"@id\":\"https:\/\/itwsport.com\/politica-de-cookies\/#breadcrumb\"},\"inLanguage\":\"fr-FR\",\"potentialAction\":[{\"@type\":\"ReadAction\",\"target\":[\"https:\/\/itwsport.com\/politica-de-cookies\/\"]}]},{\"@type\":\"BreadcrumbList\",\"@id\":\"https:\/\/itwsport.com\/politica-de-cookies\/#breadcrumb\",\"itemListElement\":[{\"@type\":\"ListItem\",\"position\":1,\"name\":\"Portada\",\"item\":\"https:\/\/itwsport.com\/\"},{\"@type\":\"ListItem\",\"position\":2,\"name\":\"Pol\u00edtica de Cookies\"}]},{\"@type\":\"WebSite\",\"@id\":\"https:\/\/itwsport.com\/#website\",\"url\":\"https:\/\/itwsport.com\/\",\"name\":\"ITW Sport\",\"description\":\"- Entrenamientos Deportivos\",\"publisher\":{\"@id\":\"https:\/\/itwsport.com\/#organization\"},\"potentialAction\":[{\"@type\":\"SearchAction\",\"target\":{\"@type\":\"EntryPoint\",\"urlTemplate\":\"https:\/\/itwsport.com\/?s={search_term_string}\"},\"query-input\":{\"@type\":\"PropertyValueSpecification\",\"valueRequired\":true,\"valueName\":\"search_term_string\"}}],\"inLanguage\":\"fr-FR\"},{\"@type\":\"Organization\",\"@id\":\"https:\/\/itwsport.com\/#organization\",\"name\":\"ITW Sport\",\"url\":\"https:\/\/itwsport.com\/\",\"logo\":{\"@type\":\"ImageObject\",\"inLanguage\":\"fr-FR\",\"@id\":\"https:\/\/itwsport.com\/#\/schema\/logo\/image\/\",\"url\":\"https:\/\/itwsport.com\/wp-content\/uploads\/2024\/03\/Recurso-58aaaa@4x.png\",\"contentUrl\":\"https:\/\/itwsport.com\/wp-content\/uploads\/2024\/03\/Recurso-58aaaa@4x.png\",\"width\":673,\"height\":178,\"caption\":\"ITW Sport\"},\"image\":{\"@id\":\"https:\/\/itwsport.com\/#\/schema\/logo\/image\/\"}}]}<\/script>\n<!-- \/ Yoast SEO plugin. -->","yoast_head_json":{"title":"Politique en mati\u00e8re de cookies - ITW Sport","robots":{"index":"noindex","follow":"follow"},"og_locale":"fr_FR","og_type":"article","og_title":"Pol\u00edtica de Cookies - ITW Sport","og_description":"Pol\u00edtica de Cookies La presente web utiliza cookies con el fin de facilitar la navegaci\u00f3n y ofrecer un servicio personalizado y m\u00e1s \u00e1gil. El Usuario puede configurar su programa de navegaci\u00f3n por Internet para no recibir dichas cookies; en tal caso la calidad y rapidez en la navegaci\u00f3n en la web puede disminuir. \u00bfQu\u00e9 son [&hellip;]","og_url":"https:\/\/itwsport.com\/fr\/politique-en-matiere-de-cookies\/","og_site_name":"ITW Sport","article_modified_time":"2024-04-03T16:36:35+00:00","twitter_card":"summary_large_image","twitter_misc":{"Dur\u00e9e de lecture estim\u00e9e":"2 minutes"},"schema":{"@context":"https:\/\/schema.org","@graph":[{"@type":"WebPage","@id":"https:\/\/itwsport.com\/politica-de-cookies\/","url":"https:\/\/itwsport.com\/politica-de-cookies\/","name":"Politique en mati\u00e8re de cookies - ITW Sport","isPartOf":{"@id":"https:\/\/itwsport.com\/#website"},"datePublished":"2024-03-09T22:05:59+00:00","dateModified":"2024-04-03T16:36:35+00:00","breadcrumb":{"@id":"https:\/\/itwsport.com\/politica-de-cookies\/#breadcrumb"},"inLanguage":"fr-FR","potentialAction":[{"@type":"ReadAction","target":["https:\/\/itwsport.com\/politica-de-cookies\/"]}]},{"@type":"BreadcrumbList","@id":"https:\/\/itwsport.com\/politica-de-cookies\/#breadcrumb","itemListElement":[{"@type":"ListItem","position":1,"name":"Portada","item":"https:\/\/itwsport.com\/"},{"@type":"ListItem","position":2,"name":"Pol\u00edtica de Cookies"}]},{"@type":"WebSite","@id":"https:\/\/itwsport.com\/#website","url":"https:\/\/itwsport.com\/","name":"ITW Sport","description":"- Entra\u00eenement sportif","publisher":{"@id":"https:\/\/itwsport.com\/#organization"},"potentialAction":[{"@type":"SearchAction","target":{"@type":"EntryPoint","urlTemplate":"https:\/\/itwsport.com\/?s={search_term_string}"},"query-input":{"@type":"PropertyValueSpecification","valueRequired":true,"valueName":"search_term_string"}}],"inLanguage":"fr-FR"},{"@type":"Organization","@id":"https:\/\/itwsport.com\/#organization","name":"ITW Sport","url":"https:\/\/itwsport.com\/","logo":{"@type":"ImageObject","inLanguage":"fr-FR","@id":"https:\/\/itwsport.com\/#\/schema\/logo\/image\/","url":"https:\/\/itwsport.com\/wp-content\/uploads\/2024\/03\/Recurso-58aaaa@4x.png","contentUrl":"https:\/\/itwsport.com\/wp-content\/uploads\/2024\/03\/Recurso-58aaaa@4x.png","width":673,"height":178,"caption":"ITW Sport"},"image":{"@id":"https:\/\/itwsport.com\/#\/schema\/logo\/image\/"}}]}},"_links":{"self":[{"href":"https:\/\/itwsport.com\/fr\/wp-json\/wp\/v2\/pages\/1027","targetHints":{"allow":["GET"]}}],"collection":[{"href":"https:\/\/itwsport.com\/fr\/wp-json\/wp\/v2\/pages"}],"about":[{"href":"https:\/\/itwsport.com\/fr\/wp-json\/wp\/v2\/types\/page"}],"author":[{"embeddable":true,"href":"https:\/\/itwsport.com\/fr\/wp-json\/wp\/v2\/users\/1"}],"replies":[{"embeddable":true,"href":"https:\/\/itwsport.com\/fr\/wp-json\/wp\/v2\/comments?post=1027"}],"version-history":[{"count":7,"href":"https:\/\/itwsport.com\/fr\/wp-json\/wp\/v2\/pages\/1027\/revisions"}],"predecessor-version":[{"id":3829,"href":"https:\/\/itwsport.com\/fr\/wp-json\/wp\/v2\/pages\/1027\/revisions\/3829"}],"wp:attachment":[{"href":"https:\/\/itwsport.com\/fr\/wp-json\/wp\/v2\/media?parent=1027"}],"curies":[{"name":"wp","href":"https:\/\/api.w.org\/{rel}","templated":true}]}}