{"id":1027,"date":"2024-03-09T22:05:59","date_gmt":"2024-03-09T22:05:59","guid":{"rendered":"https:\/\/itw.hilldevelop.com\/?page_id=1027"},"modified":"2024-04-03T16:36:35","modified_gmt":"2024-04-03T16:36:35","slug":"cookie-policy","status":"publish","type":"page","link":"https:\/\/itwsport.com\/en\/cookie-policy\/","title":{"rendered":"Cookies Policy"},"content":{"rendered":"<div data-elementor-type=\"wp-page\" data-elementor-id=\"1027\" class=\"elementor elementor-1027\" data-elementor-post-type=\"page\">\n\t\t\t\t\t\t<section class=\"elementor-section elementor-top-section elementor-element elementor-element-2c76edfb elementor-section-full_width elementor-section-height-default elementor-section-height-default\" data-id=\"2c76edfb\" data-element_type=\"section\" data-settings=\"{&quot;background_background&quot;:&quot;classic&quot;}\">\n\t\t\t\t\t\t\t<div class=\"elementor-background-overlay\"><\/div>\n\t\t\t\t\t\t\t<div class=\"elementor-container elementor-column-gap-no\">\n\t\t\t\t\t<div class=\"elementor-column elementor-col-100 elementor-top-column elementor-element elementor-element-3f0984e6\" data-id=\"3f0984e6\" data-element_type=\"column\" data-settings=\"{&quot;background_background&quot;:&quot;classic&quot;}\">\n\t\t\t<div class=\"elementor-widget-wrap elementor-element-populated\">\n\t\t\t\t\t<div class=\"elementor-background-overlay\"><\/div>\n\t\t\t\t\t\t<section class=\"elementor-section elementor-inner-section elementor-element elementor-element-1aa423d elementor-section-content-middle elementor-section-boxed elementor-section-height-default elementor-section-height-default\" data-id=\"1aa423d\" data-element_type=\"section\">\n\t\t\t\t\t\t\t<div class=\"elementor-background-overlay\"><\/div>\n\t\t\t\t\t\t\t<div class=\"elementor-container elementor-column-gap-default\">\n\t\t\t\t\t<div class=\"elementor-column elementor-col-100 elementor-inner-column elementor-element elementor-element-612925a4\" data-id=\"612925a4\" data-element_type=\"column\" data-settings=\"{&quot;background_background&quot;:&quot;classic&quot;}\">\n\t\t\t<div class=\"elementor-widget-wrap elementor-element-populated\">\n\t\t\t\t\t<div class=\"elementor-background-overlay\"><\/div>\n\t\t\t\t\t\t<div class=\"elementor-element elementor-element-7b232d5f elementor-widget elementor-widget-heading\" data-id=\"7b232d5f\" data-element_type=\"widget\" data-widget_type=\"heading.default\">\n\t\t\t\t<div class=\"elementor-widget-container\">\n\t\t\t\t\t<h1 class=\"elementor-heading-title elementor-size-default\">Cookies Policy<\/h1>\t\t\t\t<\/div>\n\t\t\t\t<\/div>\n\t\t\t\t\t<\/div>\n\t\t<\/div>\n\t\t\t\t\t<\/div>\n\t\t<\/section>\n\t\t\t\t\t<\/div>\n\t\t<\/div>\n\t\t\t\t\t<\/div>\n\t\t<\/section>\n\t\t<div class=\"elementor-element elementor-element-88915cf e-flex e-con-boxed e-con e-parent\" data-id=\"88915cf\" data-element_type=\"container\">\n\t\t\t\t\t<div class=\"e-con-inner\">\n\t\t\t\t<div class=\"elementor-element elementor-element-8182110 elementor-widget elementor-widget-text-editor\" data-id=\"8182110\" data-element_type=\"widget\" data-widget_type=\"text-editor.default\">\n\t\t\t\t<div class=\"elementor-widget-container\">\n\t\t\t\t\t\t\t\t\t<p>This website uses cookies in order to facilitate browsing and offer a personalised and faster service. Users can configure their Internet browsing software so as not to receive these cookies; in this case, the quality and speed of browsing the website may be reduced.<\/p><p><strong>What are cookies and what are they used for?<br \/><\/strong>Cookies are files that websites can install on your device (computer, tablet, smartphone, etc.) for a variety of purposes. The main purpose is to facilitate browsing by the User, but they can also collect other information, for example, for statistical purposes.<\/p><p>By using cookies, the technical performance of the website is improved, adapting browsing to user preferences. On the other hand, the statistical information collected from cookies allows those responsible for the website to improve the service they offer.<\/p><p><strong>Types of cookies<br \/><\/strong>Depending on their permanence, cookies are classified as session cookies or permanent cookies. The former expire when the browser is closed, while the latter expire when they have fulfilled their function or when they are manually deleted.<\/p><p>PERFORMANCE COOKIES: These cookies save the preferences of certain tools so that you do not have to configure them every time you access the website.<\/p><p>ANALYTICAL COOKIES: These are cookies that allow us to analyse web traffic and statistically analyse the use of the various services offered by the website. These data are collected anonymously and are not linked to any personal data.<\/p><p>GEOLOCATION COOKIES: These cookies detect, anonymously, the country in which the user is located in order to offer more appropriate content and services.<\/p><p>REGISTRATION COOKIES: These cookies are generated when the user has registered and are used to identify user accounts and their associated services.<\/p><p>ADVERTISING COOKIES: These are cookies that make it possible to manage the different advertisements shown on the website, adapting the content of the advertising space to the use made of the website.<\/p><p>THIRD PARTY COOKIES: These third party cookies may be installed on the website in order to improve the services offered by these third parties. For example, links to social networks to share the contents of the website.<\/p><p><strong>Is it possible to delete the installation of cookies?<br \/><\/strong>All browsers allow you to block or delete cookies if you prefer. Below are instructions on how to do this:<br \/>Internet Explorer: Tools &gt; Internet Options &gt; Privacy &gt; Settings<br \/>Firefox: Tools &gt; Options &gt; Privacy &gt; Privacy &gt; History &gt; Custom Settings<br \/>Chrome: Settings &gt; Show advanced options &gt; Privacy &gt; Content settings<br \/>Safari: Preferences &gt; Security<\/p>\t\t\t\t\t\t\t\t<\/div>\n\t\t\t\t<\/div>\n\t\t\t\t\t<\/div>\n\t\t\t\t<\/div>\n\t\t\t\t<\/div>","protected":false},"excerpt":{"rendered":"<p>Cookies Policy This website uses cookies in order to facilitate browsing and offer a personalised and more agile service. Users can configure their Internet browsing software so as not to receive these cookies; in this case, the quality and speed of browsing on the website may be reduced. What are [...]<\/p>","protected":false},"author":1,"featured_media":0,"parent":0,"menu_order":0,"comment_status":"closed","ping_status":"closed","template":"","meta":{"_acf_changed":false,"footnotes":""},"class_list":["post-1027","page","type-page","status-publish","hentry"],"acf":[],"yoast_head":"<!-- This site is optimized with the Yoast SEO plugin v26.4 - https:\/\/yoast.com\/wordpress\/plugins\/seo\/ -->\n<title>Pol\u00edtica de Cookies - ITW Sport<\/title>\n<meta name=\"robots\" content=\"noindex, follow\" \/>\n<meta property=\"og:locale\" content=\"en_GB\" \/>\n<meta property=\"og:type\" content=\"article\" \/>\n<meta property=\"og:title\" content=\"Pol\u00edtica de Cookies - ITW Sport\" \/>\n<meta property=\"og:description\" content=\"Pol\u00edtica de Cookies La presente web utiliza cookies con el fin de facilitar la navegaci\u00f3n y ofrecer un servicio personalizado y m\u00e1s \u00e1gil. El Usuario puede configurar su programa de navegaci\u00f3n por Internet para no recibir dichas cookies; en tal caso la calidad y rapidez en la navegaci\u00f3n en la web puede disminuir. \u00bfQu\u00e9 son [&hellip;]\" \/>\n<meta property=\"og:url\" content=\"https:\/\/itwsport.com\/en\/cookie-policy\/\" \/>\n<meta property=\"og:site_name\" content=\"ITW Sport\" \/>\n<meta property=\"article:modified_time\" content=\"2024-04-03T16:36:35+00:00\" \/>\n<meta name=\"twitter:card\" content=\"summary_large_image\" \/>\n<meta name=\"twitter:label1\" content=\"Estimated reading time\" \/>\n\t<meta name=\"twitter:data1\" content=\"2 minutes\" \/>\n<script type=\"application\/ld+json\" class=\"yoast-schema-graph\">{\"@context\":\"https:\/\/schema.org\",\"@graph\":[{\"@type\":\"WebPage\",\"@id\":\"https:\/\/itwsport.com\/politica-de-cookies\/\",\"url\":\"https:\/\/itwsport.com\/politica-de-cookies\/\",\"name\":\"Pol\u00edtica de Cookies - ITW Sport\",\"isPartOf\":{\"@id\":\"https:\/\/itwsport.com\/#website\"},\"datePublished\":\"2024-03-09T22:05:59+00:00\",\"dateModified\":\"2024-04-03T16:36:35+00:00\",\"breadcrumb\":{\"@id\":\"https:\/\/itwsport.com\/politica-de-cookies\/#breadcrumb\"},\"inLanguage\":\"en-GB\",\"potentialAction\":[{\"@type\":\"ReadAction\",\"target\":[\"https:\/\/itwsport.com\/politica-de-cookies\/\"]}]},{\"@type\":\"BreadcrumbList\",\"@id\":\"https:\/\/itwsport.com\/politica-de-cookies\/#breadcrumb\",\"itemListElement\":[{\"@type\":\"ListItem\",\"position\":1,\"name\":\"Portada\",\"item\":\"https:\/\/itwsport.com\/\"},{\"@type\":\"ListItem\",\"position\":2,\"name\":\"Pol\u00edtica de Cookies\"}]},{\"@type\":\"WebSite\",\"@id\":\"https:\/\/itwsport.com\/#website\",\"url\":\"https:\/\/itwsport.com\/\",\"name\":\"ITW Sport\",\"description\":\"- Entrenamientos Deportivos\",\"publisher\":{\"@id\":\"https:\/\/itwsport.com\/#organization\"},\"potentialAction\":[{\"@type\":\"SearchAction\",\"target\":{\"@type\":\"EntryPoint\",\"urlTemplate\":\"https:\/\/itwsport.com\/?s={search_term_string}\"},\"query-input\":{\"@type\":\"PropertyValueSpecification\",\"valueRequired\":true,\"valueName\":\"search_term_string\"}}],\"inLanguage\":\"en-GB\"},{\"@type\":\"Organization\",\"@id\":\"https:\/\/itwsport.com\/#organization\",\"name\":\"ITW Sport\",\"url\":\"https:\/\/itwsport.com\/\",\"logo\":{\"@type\":\"ImageObject\",\"inLanguage\":\"en-GB\",\"@id\":\"https:\/\/itwsport.com\/#\/schema\/logo\/image\/\",\"url\":\"https:\/\/itwsport.com\/wp-content\/uploads\/2024\/03\/Recurso-58aaaa@4x.png\",\"contentUrl\":\"https:\/\/itwsport.com\/wp-content\/uploads\/2024\/03\/Recurso-58aaaa@4x.png\",\"width\":673,\"height\":178,\"caption\":\"ITW Sport\"},\"image\":{\"@id\":\"https:\/\/itwsport.com\/#\/schema\/logo\/image\/\"}}]}<\/script>\n<!-- \/ Yoast SEO plugin. -->","yoast_head_json":{"title":"Cookie Policy - ITW Sport","robots":{"index":"noindex","follow":"follow"},"og_locale":"en_GB","og_type":"article","og_title":"Pol\u00edtica de Cookies - ITW Sport","og_description":"Pol\u00edtica de Cookies La presente web utiliza cookies con el fin de facilitar la navegaci\u00f3n y ofrecer un servicio personalizado y m\u00e1s \u00e1gil. El Usuario puede configurar su programa de navegaci\u00f3n por Internet para no recibir dichas cookies; en tal caso la calidad y rapidez en la navegaci\u00f3n en la web puede disminuir. \u00bfQu\u00e9 son [&hellip;]","og_url":"https:\/\/itwsport.com\/en\/cookie-policy\/","og_site_name":"ITW Sport","article_modified_time":"2024-04-03T16:36:35+00:00","twitter_card":"summary_large_image","twitter_misc":{"Estimated reading time":"2 minutes"},"schema":{"@context":"https:\/\/schema.org","@graph":[{"@type":"WebPage","@id":"https:\/\/itwsport.com\/politica-de-cookies\/","url":"https:\/\/itwsport.com\/politica-de-cookies\/","name":"Cookie Policy - ITW Sport","isPartOf":{"@id":"https:\/\/itwsport.com\/#website"},"datePublished":"2024-03-09T22:05:59+00:00","dateModified":"2024-04-03T16:36:35+00:00","breadcrumb":{"@id":"https:\/\/itwsport.com\/politica-de-cookies\/#breadcrumb"},"inLanguage":"en-GB","potentialAction":[{"@type":"ReadAction","target":["https:\/\/itwsport.com\/politica-de-cookies\/"]}]},{"@type":"BreadcrumbList","@id":"https:\/\/itwsport.com\/politica-de-cookies\/#breadcrumb","itemListElement":[{"@type":"ListItem","position":1,"name":"Portada","item":"https:\/\/itwsport.com\/"},{"@type":"ListItem","position":2,"name":"Pol\u00edtica de Cookies"}]},{"@type":"WebSite","@id":"https:\/\/itwsport.com\/#website","url":"https:\/\/itwsport.com\/","name":"ITW Sport","description":"- Sports Training","publisher":{"@id":"https:\/\/itwsport.com\/#organization"},"potentialAction":[{"@type":"SearchAction","target":{"@type":"EntryPoint","urlTemplate":"https:\/\/itwsport.com\/?s={search_term_string}"},"query-input":{"@type":"PropertyValueSpecification","valueRequired":true,"valueName":"search_term_string"}}],"inLanguage":"en-GB"},{"@type":"Organization","@id":"https:\/\/itwsport.com\/#organization","name":"ITW Sport","url":"https:\/\/itwsport.com\/","logo":{"@type":"ImageObject","inLanguage":"en-GB","@id":"https:\/\/itwsport.com\/#\/schema\/logo\/image\/","url":"https:\/\/itwsport.com\/wp-content\/uploads\/2024\/03\/Recurso-58aaaa@4x.png","contentUrl":"https:\/\/itwsport.com\/wp-content\/uploads\/2024\/03\/Recurso-58aaaa@4x.png","width":673,"height":178,"caption":"ITW Sport"},"image":{"@id":"https:\/\/itwsport.com\/#\/schema\/logo\/image\/"}}]}},"_links":{"self":[{"href":"https:\/\/itwsport.com\/en\/wp-json\/wp\/v2\/pages\/1027","targetHints":{"allow":["GET"]}}],"collection":[{"href":"https:\/\/itwsport.com\/en\/wp-json\/wp\/v2\/pages"}],"about":[{"href":"https:\/\/itwsport.com\/en\/wp-json\/wp\/v2\/types\/page"}],"author":[{"embeddable":true,"href":"https:\/\/itwsport.com\/en\/wp-json\/wp\/v2\/users\/1"}],"replies":[{"embeddable":true,"href":"https:\/\/itwsport.com\/en\/wp-json\/wp\/v2\/comments?post=1027"}],"version-history":[{"count":7,"href":"https:\/\/itwsport.com\/en\/wp-json\/wp\/v2\/pages\/1027\/revisions"}],"predecessor-version":[{"id":3829,"href":"https:\/\/itwsport.com\/en\/wp-json\/wp\/v2\/pages\/1027\/revisions\/3829"}],"wp:attachment":[{"href":"https:\/\/itwsport.com\/en\/wp-json\/wp\/v2\/media?parent=1027"}],"curies":[{"name":"wp","href":"https:\/\/api.w.org\/{rel}","templated":true}]}}