{"id":1027,"date":"2024-03-09T22:05:59","date_gmt":"2024-03-09T22:05:59","guid":{"rendered":"https:\/\/itw.hilldevelop.com\/?page_id=1027"},"modified":"2024-04-03T16:36:35","modified_gmt":"2024-04-03T16:36:35","slug":"cookie-politik","status":"publish","type":"page","link":"https:\/\/itwsport.com\/de\/cookie-politik\/","title":{"rendered":"Cookie-Richtlinie"},"content":{"rendered":"<div data-elementor-type=\"wp-page\" data-elementor-id=\"1027\" class=\"elementor elementor-1027\" data-elementor-post-type=\"page\">\n\t\t\t\t\t\t<section class=\"elementor-section elementor-top-section elementor-element elementor-element-2c76edfb elementor-section-full_width elementor-section-height-default elementor-section-height-default\" data-id=\"2c76edfb\" data-element_type=\"section\" data-settings=\"{&quot;background_background&quot;:&quot;classic&quot;}\">\n\t\t\t\t\t\t\t<div class=\"elementor-background-overlay\"><\/div>\n\t\t\t\t\t\t\t<div class=\"elementor-container elementor-column-gap-no\">\n\t\t\t\t\t<div class=\"elementor-column elementor-col-100 elementor-top-column elementor-element elementor-element-3f0984e6\" data-id=\"3f0984e6\" data-element_type=\"column\" data-settings=\"{&quot;background_background&quot;:&quot;classic&quot;}\">\n\t\t\t<div class=\"elementor-widget-wrap elementor-element-populated\">\n\t\t\t\t\t<div class=\"elementor-background-overlay\"><\/div>\n\t\t\t\t\t\t<section class=\"elementor-section elementor-inner-section elementor-element elementor-element-1aa423d elementor-section-content-middle elementor-section-boxed elementor-section-height-default elementor-section-height-default\" data-id=\"1aa423d\" data-element_type=\"section\">\n\t\t\t\t\t\t\t<div class=\"elementor-background-overlay\"><\/div>\n\t\t\t\t\t\t\t<div class=\"elementor-container elementor-column-gap-default\">\n\t\t\t\t\t<div class=\"elementor-column elementor-col-100 elementor-inner-column elementor-element elementor-element-612925a4\" data-id=\"612925a4\" data-element_type=\"column\" data-settings=\"{&quot;background_background&quot;:&quot;classic&quot;}\">\n\t\t\t<div class=\"elementor-widget-wrap elementor-element-populated\">\n\t\t\t\t\t<div class=\"elementor-background-overlay\"><\/div>\n\t\t\t\t\t\t<div class=\"elementor-element elementor-element-7b232d5f elementor-widget elementor-widget-heading\" data-id=\"7b232d5f\" data-element_type=\"widget\" data-widget_type=\"heading.default\">\n\t\t\t\t<div class=\"elementor-widget-container\">\n\t\t\t\t\t<h1 class=\"elementor-heading-title elementor-size-default\">Cookie-Richtlinie<\/h1>\t\t\t\t<\/div>\n\t\t\t\t<\/div>\n\t\t\t\t\t<\/div>\n\t\t<\/div>\n\t\t\t\t\t<\/div>\n\t\t<\/section>\n\t\t\t\t\t<\/div>\n\t\t<\/div>\n\t\t\t\t\t<\/div>\n\t\t<\/section>\n\t\t<div class=\"elementor-element elementor-element-88915cf e-flex e-con-boxed e-con e-parent\" data-id=\"88915cf\" data-element_type=\"container\">\n\t\t\t\t\t<div class=\"e-con-inner\">\n\t\t\t\t<div class=\"elementor-element elementor-element-8182110 elementor-widget elementor-widget-text-editor\" data-id=\"8182110\" data-element_type=\"widget\" data-widget_type=\"text-editor.default\">\n\t\t\t\t<div class=\"elementor-widget-container\">\n\t\t\t\t\t\t\t\t\t<p>Diese Website verwendet Cookies, um das Surfen zu erleichtern und einen personalisierten und schnelleren Service zu bieten. Die Nutzer k\u00f6nnen ihre Internet-Browsersoftware so konfigurieren, dass sie diese Cookies nicht erhalten; in diesem Fall k\u00f6nnen die Qualit\u00e4t und die Geschwindigkeit des Surfens auf der Website verringert sein.<\/p><p><strong>Was sind Cookies und wof\u00fcr werden sie verwendet?<br \/><\/strong>Cookies sind Dateien, die Websites auf Ihrem Ger\u00e4t (Computer, Tablet, Smartphone usw.) f\u00fcr verschiedene Zwecke installieren k\u00f6nnen. Der Hauptzweck besteht darin, dem Nutzer das Surfen zu erleichtern, aber sie k\u00f6nnen auch andere Informationen sammeln, zum Beispiel f\u00fcr statistische Zwecke.<\/p><p>Durch die Verwendung von Cookies wird die technische Leistung der Website verbessert, indem das Surfen an die Pr\u00e4ferenzen der Nutzer angepasst wird. Andererseits erm\u00f6glichen die von den Cookies gesammelten statistischen Informationen den Verantwortlichen der Website, den von ihnen angebotenen Service zu verbessern.<\/p><p><strong>Arten von Cookies<br \/><\/strong>Je nach ihrer Dauer werden Cookies als Sitzungscookies oder permanente Cookies eingestuft. Erstere verfallen, wenn der Browser geschlossen wird, w\u00e4hrend letztere verfallen, wenn sie ihre Funktion erf\u00fcllt haben oder wenn sie manuell gel\u00f6scht werden.<\/p><p>PERFORMANCE COOKIES: Diese Cookies speichern die Einstellungen bestimmter Tools, damit Sie diese nicht bei jedem Zugriff auf die Website neu konfigurieren m\u00fcssen.<\/p><p>ANALYTISCHE COOKIES: Dies sind Cookies, die es uns erm\u00f6glichen, den Webverkehr zu analysieren und die Nutzung der verschiedenen von der Website angebotenen Dienste statistisch auszuwerten. Diese Daten werden anonym gesammelt und sind nicht mit pers\u00f6nlichen Daten verkn\u00fcpft.<\/p><p>GEOLOCATION COOKIES: Diese Cookies erkennen in anonymer Form das Land, in dem sich der Nutzer befindet, um geeignetere Inhalte und Dienste anbieten zu k\u00f6nnen.<\/p><p>REGISTRIERUNGSCOOKIES: Diese Cookies werden generiert, wenn sich der Benutzer registriert hat, und dienen der Identifizierung von Benutzerkonten und den damit verbundenen Diensten.<\/p><p>WERBECOOKIES: Es handelt sich um Cookies, die es erm\u00f6glichen, die verschiedenen auf der Website gezeigten Werbeanzeigen zu verwalten und den Inhalt der Werbefl\u00e4che an die Nutzung der Website anzupassen.<\/p><p>COOKIES VON DRITTEN: Diese Cookies von Dritten k\u00f6nnen auf der Website installiert werden, um die von diesen Dritten angebotenen Dienste zu verbessern. Zum Beispiel, Links zu sozialen Netzwerken, um den Inhalt der Website zu teilen.<\/p><p><strong>Ist es m\u00f6glich, die Installation von Cookies zu l\u00f6schen?<br \/><\/strong>Alle Browser erm\u00f6glichen es Ihnen, Cookies zu blockieren oder zu l\u00f6schen, wenn Sie dies w\u00fcnschen. Im Folgenden finden Sie Anweisungen, wie Sie dies tun k\u00f6nnen:<br \/>Internet Explorer: Extras &gt; Internetoptionen &gt; Datenschutz &gt; Einstellungen<br \/>Firefox: Extras &gt; Optionen &gt; Datenschutz &gt; Datenschutz &gt; Verlauf &gt; Benutzerdefinierte Einstellungen<br \/>Chrome: Einstellungen &gt; Erweiterte Optionen anzeigen &gt; Datenschutz &gt; Inhaltseinstellungen<br \/>Safari: Voreinstellungen &gt; Sicherheit<\/p>\t\t\t\t\t\t\t\t<\/div>\n\t\t\t\t<\/div>\n\t\t\t\t\t<\/div>\n\t\t\t\t<\/div>\n\t\t\t\t<\/div>","protected":false},"excerpt":{"rendered":"<p>Pol\u00edtica de Cookies La presente web utiliza cookies con el fin de facilitar la navegaci\u00f3n y ofrecer un servicio personalizado y m\u00e1s \u00e1gil. El Usuario puede configurar su programa de navegaci\u00f3n por Internet para no recibir dichas cookies; en tal caso la calidad y rapidez en la navegaci\u00f3n en la web puede disminuir. \u00bfQu\u00e9 son [&hellip;]<\/p>","protected":false},"author":1,"featured_media":0,"parent":0,"menu_order":0,"comment_status":"closed","ping_status":"closed","template":"","meta":{"_acf_changed":false,"footnotes":""},"class_list":["post-1027","page","type-page","status-publish","hentry"],"acf":[],"yoast_head":"<!-- This site is optimized with the Yoast SEO plugin v26.4 - https:\/\/yoast.com\/wordpress\/plugins\/seo\/ -->\n<title>Pol\u00edtica de Cookies - ITW Sport<\/title>\n<meta name=\"robots\" content=\"noindex, follow\" \/>\n<meta property=\"og:locale\" content=\"de_DE\" \/>\n<meta property=\"og:type\" content=\"article\" \/>\n<meta property=\"og:title\" content=\"Pol\u00edtica de Cookies - ITW Sport\" \/>\n<meta property=\"og:description\" content=\"Pol\u00edtica de Cookies La presente web utiliza cookies con el fin de facilitar la navegaci\u00f3n y ofrecer un servicio personalizado y m\u00e1s \u00e1gil. El Usuario puede configurar su programa de navegaci\u00f3n por Internet para no recibir dichas cookies; en tal caso la calidad y rapidez en la navegaci\u00f3n en la web puede disminuir. \u00bfQu\u00e9 son [&hellip;]\" \/>\n<meta property=\"og:url\" content=\"https:\/\/itwsport.com\/de\/cookie-politik\/\" \/>\n<meta property=\"og:site_name\" content=\"ITW Sport\" \/>\n<meta property=\"article:modified_time\" content=\"2024-04-03T16:36:35+00:00\" \/>\n<meta name=\"twitter:card\" content=\"summary_large_image\" \/>\n<meta name=\"twitter:label1\" content=\"Gesch\u00e4tzte Lesezeit\" \/>\n\t<meta name=\"twitter:data1\" content=\"2\u00a0Minuten\" \/>\n<script type=\"application\/ld+json\" class=\"yoast-schema-graph\">{\"@context\":\"https:\/\/schema.org\",\"@graph\":[{\"@type\":\"WebPage\",\"@id\":\"https:\/\/itwsport.com\/politica-de-cookies\/\",\"url\":\"https:\/\/itwsport.com\/politica-de-cookies\/\",\"name\":\"Pol\u00edtica de Cookies - ITW Sport\",\"isPartOf\":{\"@id\":\"https:\/\/itwsport.com\/#website\"},\"datePublished\":\"2024-03-09T22:05:59+00:00\",\"dateModified\":\"2024-04-03T16:36:35+00:00\",\"breadcrumb\":{\"@id\":\"https:\/\/itwsport.com\/politica-de-cookies\/#breadcrumb\"},\"inLanguage\":\"de\",\"potentialAction\":[{\"@type\":\"ReadAction\",\"target\":[\"https:\/\/itwsport.com\/politica-de-cookies\/\"]}]},{\"@type\":\"BreadcrumbList\",\"@id\":\"https:\/\/itwsport.com\/politica-de-cookies\/#breadcrumb\",\"itemListElement\":[{\"@type\":\"ListItem\",\"position\":1,\"name\":\"Portada\",\"item\":\"https:\/\/itwsport.com\/\"},{\"@type\":\"ListItem\",\"position\":2,\"name\":\"Pol\u00edtica de Cookies\"}]},{\"@type\":\"WebSite\",\"@id\":\"https:\/\/itwsport.com\/#website\",\"url\":\"https:\/\/itwsport.com\/\",\"name\":\"ITW Sport\",\"description\":\"- Entrenamientos Deportivos\",\"publisher\":{\"@id\":\"https:\/\/itwsport.com\/#organization\"},\"potentialAction\":[{\"@type\":\"SearchAction\",\"target\":{\"@type\":\"EntryPoint\",\"urlTemplate\":\"https:\/\/itwsport.com\/?s={search_term_string}\"},\"query-input\":{\"@type\":\"PropertyValueSpecification\",\"valueRequired\":true,\"valueName\":\"search_term_string\"}}],\"inLanguage\":\"de\"},{\"@type\":\"Organization\",\"@id\":\"https:\/\/itwsport.com\/#organization\",\"name\":\"ITW Sport\",\"url\":\"https:\/\/itwsport.com\/\",\"logo\":{\"@type\":\"ImageObject\",\"inLanguage\":\"de\",\"@id\":\"https:\/\/itwsport.com\/#\/schema\/logo\/image\/\",\"url\":\"https:\/\/itwsport.com\/wp-content\/uploads\/2024\/03\/Recurso-58aaaa@4x.png\",\"contentUrl\":\"https:\/\/itwsport.com\/wp-content\/uploads\/2024\/03\/Recurso-58aaaa@4x.png\",\"width\":673,\"height\":178,\"caption\":\"ITW Sport\"},\"image\":{\"@id\":\"https:\/\/itwsport.com\/#\/schema\/logo\/image\/\"}}]}<\/script>\n<!-- \/ Yoast SEO plugin. -->","yoast_head_json":{"title":"Cookie-Richtlinie - ITW Sport","robots":{"index":"noindex","follow":"follow"},"og_locale":"de_DE","og_type":"article","og_title":"Pol\u00edtica de Cookies - ITW Sport","og_description":"Pol\u00edtica de Cookies La presente web utiliza cookies con el fin de facilitar la navegaci\u00f3n y ofrecer un servicio personalizado y m\u00e1s \u00e1gil. El Usuario puede configurar su programa de navegaci\u00f3n por Internet para no recibir dichas cookies; en tal caso la calidad y rapidez en la navegaci\u00f3n en la web puede disminuir. \u00bfQu\u00e9 son [&hellip;]","og_url":"https:\/\/itwsport.com\/de\/cookie-politik\/","og_site_name":"ITW Sport","article_modified_time":"2024-04-03T16:36:35+00:00","twitter_card":"summary_large_image","twitter_misc":{"Gesch\u00e4tzte Lesezeit":"2\u00a0Minuten"},"schema":{"@context":"https:\/\/schema.org","@graph":[{"@type":"WebPage","@id":"https:\/\/itwsport.com\/politica-de-cookies\/","url":"https:\/\/itwsport.com\/politica-de-cookies\/","name":"Cookie-Richtlinie - ITW Sport","isPartOf":{"@id":"https:\/\/itwsport.com\/#website"},"datePublished":"2024-03-09T22:05:59+00:00","dateModified":"2024-04-03T16:36:35+00:00","breadcrumb":{"@id":"https:\/\/itwsport.com\/politica-de-cookies\/#breadcrumb"},"inLanguage":"de","potentialAction":[{"@type":"ReadAction","target":["https:\/\/itwsport.com\/politica-de-cookies\/"]}]},{"@type":"BreadcrumbList","@id":"https:\/\/itwsport.com\/politica-de-cookies\/#breadcrumb","itemListElement":[{"@type":"ListItem","position":1,"name":"Portada","item":"https:\/\/itwsport.com\/"},{"@type":"ListItem","position":2,"name":"Pol\u00edtica de Cookies"}]},{"@type":"WebSite","@id":"https:\/\/itwsport.com\/#website","url":"https:\/\/itwsport.com\/","name":"ITW Sport","description":"- Sportliche Ausbildung","publisher":{"@id":"https:\/\/itwsport.com\/#organization"},"potentialAction":[{"@type":"SearchAction","target":{"@type":"EntryPoint","urlTemplate":"https:\/\/itwsport.com\/?s={search_term_string}"},"query-input":{"@type":"PropertyValueSpecification","valueRequired":true,"valueName":"search_term_string"}}],"inLanguage":"de"},{"@type":"Organization","@id":"https:\/\/itwsport.com\/#organization","name":"ITW Sport","url":"https:\/\/itwsport.com\/","logo":{"@type":"ImageObject","inLanguage":"de","@id":"https:\/\/itwsport.com\/#\/schema\/logo\/image\/","url":"https:\/\/itwsport.com\/wp-content\/uploads\/2024\/03\/Recurso-58aaaa@4x.png","contentUrl":"https:\/\/itwsport.com\/wp-content\/uploads\/2024\/03\/Recurso-58aaaa@4x.png","width":673,"height":178,"caption":"ITW Sport"},"image":{"@id":"https:\/\/itwsport.com\/#\/schema\/logo\/image\/"}}]}},"_links":{"self":[{"href":"https:\/\/itwsport.com\/de\/wp-json\/wp\/v2\/pages\/1027","targetHints":{"allow":["GET"]}}],"collection":[{"href":"https:\/\/itwsport.com\/de\/wp-json\/wp\/v2\/pages"}],"about":[{"href":"https:\/\/itwsport.com\/de\/wp-json\/wp\/v2\/types\/page"}],"author":[{"embeddable":true,"href":"https:\/\/itwsport.com\/de\/wp-json\/wp\/v2\/users\/1"}],"replies":[{"embeddable":true,"href":"https:\/\/itwsport.com\/de\/wp-json\/wp\/v2\/comments?post=1027"}],"version-history":[{"count":7,"href":"https:\/\/itwsport.com\/de\/wp-json\/wp\/v2\/pages\/1027\/revisions"}],"predecessor-version":[{"id":3829,"href":"https:\/\/itwsport.com\/de\/wp-json\/wp\/v2\/pages\/1027\/revisions\/3829"}],"wp:attachment":[{"href":"https:\/\/itwsport.com\/de\/wp-json\/wp\/v2\/media?parent=1027"}],"curies":[{"name":"wp","href":"https:\/\/api.w.org\/{rel}","templated":true}]}}