{"id":1012,"date":"2024-03-09T21:58:42","date_gmt":"2024-03-09T21:58:42","guid":{"rendered":"https:\/\/itw.hilldevelop.com\/?page_id=1012"},"modified":"2024-04-03T16:36:28","modified_gmt":"2024-04-03T16:36:28","slug":"rechtlicher-hinweis-und-allgemeine-nutzungsbedingungen","status":"publish","type":"page","link":"https:\/\/itwsport.com\/de\/rechtlicher-hinweis-und-allgemeine-nutzungsbedingungen\/","title":{"rendered":"Rechtliche Hinweise und allgemeine Nutzungsbedingungen"},"content":{"rendered":"<div data-elementor-type=\"wp-page\" data-elementor-id=\"1012\" class=\"elementor elementor-1012\" data-elementor-post-type=\"page\">\n\t\t\t\t\t\t<section class=\"elementor-section elementor-top-section elementor-element elementor-element-2c76edfb elementor-section-full_width elementor-section-height-default elementor-section-height-default\" data-id=\"2c76edfb\" data-element_type=\"section\" data-settings=\"{&quot;background_background&quot;:&quot;classic&quot;}\">\n\t\t\t\t\t\t\t<div class=\"elementor-background-overlay\"><\/div>\n\t\t\t\t\t\t\t<div class=\"elementor-container elementor-column-gap-no\">\n\t\t\t\t\t<div class=\"elementor-column elementor-col-100 elementor-top-column elementor-element elementor-element-3f0984e6\" data-id=\"3f0984e6\" data-element_type=\"column\" data-settings=\"{&quot;background_background&quot;:&quot;classic&quot;}\">\n\t\t\t<div class=\"elementor-widget-wrap elementor-element-populated\">\n\t\t\t\t\t<div class=\"elementor-background-overlay\"><\/div>\n\t\t\t\t\t\t<section class=\"elementor-section elementor-inner-section elementor-element elementor-element-1aa423d elementor-section-content-middle elementor-section-boxed elementor-section-height-default elementor-section-height-default\" data-id=\"1aa423d\" data-element_type=\"section\">\n\t\t\t\t\t\t\t<div class=\"elementor-background-overlay\"><\/div>\n\t\t\t\t\t\t\t<div class=\"elementor-container elementor-column-gap-default\">\n\t\t\t\t\t<div class=\"elementor-column elementor-col-100 elementor-inner-column elementor-element elementor-element-612925a4\" data-id=\"612925a4\" data-element_type=\"column\" data-settings=\"{&quot;background_background&quot;:&quot;classic&quot;}\">\n\t\t\t<div class=\"elementor-widget-wrap elementor-element-populated\">\n\t\t\t\t\t<div class=\"elementor-background-overlay\"><\/div>\n\t\t\t\t\t\t<div class=\"elementor-element elementor-element-7b232d5f elementor-widget elementor-widget-heading\" data-id=\"7b232d5f\" data-element_type=\"widget\" data-widget_type=\"heading.default\">\n\t\t\t\t<div class=\"elementor-widget-container\">\n\t\t\t\t\t<h1 class=\"elementor-heading-title elementor-size-default\">Rechtliche Hinweise und allgemeine Nutzungsbedingungen<\/h1>\t\t\t\t<\/div>\n\t\t\t\t<\/div>\n\t\t\t\t\t<\/div>\n\t\t<\/div>\n\t\t\t\t\t<\/div>\n\t\t<\/section>\n\t\t\t\t\t<\/div>\n\t\t<\/div>\n\t\t\t\t\t<\/div>\n\t\t<\/section>\n\t\t<div class=\"elementor-element elementor-element-88915cf e-flex e-con-boxed e-con e-parent\" data-id=\"88915cf\" data-element_type=\"container\">\n\t\t\t\t\t<div class=\"e-con-inner\">\n\t\t\t\t<div class=\"elementor-element elementor-element-8182110 elementor-widget elementor-widget-text-editor\" data-id=\"8182110\" data-element_type=\"widget\" data-widget_type=\"text-editor.default\">\n\t\t\t\t<div class=\"elementor-widget-container\">\n\t\t\t\t\t\t\t\t\t<header class=\"text-center\"><header class=\"text-center\"><h4>I. ALLGEMEINE INFORMATIONEN<\/h4><\/header><div><p>In Erf\u00fcllung der Informationspflicht gem\u00e4\u00df dem Gesetz 34\/2002 \u00fcber die Dienste der Informationsgesellschaft und den elektronischen Gesch\u00e4ftsverkehr (LSSI-CE) vom 11. Juli werden im Folgenden die allgemeinen Informationen zu dieser Website gegeben:<\/p><p class=\"\">Das Eigentum an dieser Website,\u00a0<span class=\"blanc-space ng-binding\">https:\/\/itwsport.com<\/span>, (nachstehend \"die Website\" genannt) h\u00e4lt sie:\u00a0<span class=\"blanc-space ng-binding\">Glo Think &amp; Friends S.L.<\/span>, mit einer Steueridentifikationsnummer:\u00a0<span class=\"blanc-space ng-binding\">B66583188<\/span>\u00a0und registriert in:\u00a0<span class=\"blanc-space ng-binding\">Calle de Gernika Nummer 12, 1\u00ba 1\u00aa (08038 Barcelona)<\/span>\u00a0mit den folgenden Anmeldedaten:\u00a0<span class=\"blanc-space ng-binding\">Band 44941 allgemein, Abteilung 0, Eintrag 1 im Buch 0 der Handelsgesellschaften, Blatt 52, Seite 471958<\/span>, deren Vertreter ist: und dessen Kontaktdaten lauten:<\/p><p>Telefonnummer der Kontaktperson:\u00a0<span class=\"blanc-space ng-binding\">689 06 55 59<\/span><\/p><p>E-Mail-Kontakt:\u00a0<span class=\"blanc-space ng-binding\">social@glothink.com<\/span><\/p><h4>II. ALLGEMEINE NUTZUNGSBEDINGUNGEN<\/h4><h4>Der Gegenstand der Bedingungen und Konditionen: Die Website<\/h4><p>Zweck der vorliegenden Allgemeinen Nutzungsbedingungen (im Folgenden Bedingungen) ist es, den Zugang zu und die Nutzung der Website zu regeln. Im Sinne dieser Bedingungen sind unter der Website zu verstehen: das \u00e4u\u00dfere Erscheinungsbild der statischen und dynamischen Bildschirmoberfl\u00e4chen, d. h. der Navigationsbaum, und alle Elemente, die sowohl in die Bildschirmoberfl\u00e4chen als auch in den Navigationsbaum integriert sind (im Folgenden \"Inhalte\"), sowie alle Online-Dienste oder Ressourcen, die den Nutzern angeboten werden k\u00f6nnen (im Folgenden \"Dienste\").<\/p><p><span class=\"blanc-space ng-binding\">ITW Sport<\/span>\u00a0beh\u00e4lt sich das Recht vor, jederzeit und ohne Vorank\u00fcndigung die Pr\u00e4sentation und Konfiguration der Website sowie die darin enthaltenen Inhalte und Dienste zu \u00e4ndern. Der Nutzer erkennt an und akzeptiert, dass jederzeit\u00a0<span class=\"blanc-space ng-binding\">ITW Sport<\/span>\u00a0kann jedes dieser Elemente, die in die Website integriert sind, oder den Zugang zu ihnen unterbrechen, deaktivieren und\/oder l\u00f6schen.<\/p><p>Der Zugang des Nutzers zur Website ist kostenlos und erfolgt in der Regel unentgeltlich, ohne dass der Nutzer daf\u00fcr eine Gegenleistung erbringen muss, mit Ausnahme der Kosten f\u00fcr die Verbindung \u00fcber das Telekommunikationsnetz, die von dem vom Nutzer beauftragten Zugangsanbieter bereitgestellt werden.<\/p><p>Die Nutzung von Inhalten oder Diensten der Website kann nur nach vorheriger Anmeldung oder Registrierung des Nutzers erfolgen.<\/p><h4>Der Benutzer<\/h4><p>den Zugang zur Website, das Browsen und die Nutzung der Website sowie die R\u00e4ume, die f\u00fcr die Interaktion zwischen den Nutzern zur Verf\u00fcgung stehen, und den Nutzer und\u00a0<span class=\"blanc-space ng-binding\">ITW Sport<\/span>, Die Nutzung der Website, wie z. B. Kommentare und\/oder Blogging-R\u00e4ume, verleiht dem Nutzer die Eigenschaft eines Benutzers, und daher akzeptiert er\/sie von dem Moment an, in dem er\/sie auf der Website surft, alle hier festgelegten Bedingungen sowie alle sp\u00e4teren \u00c4nderungen, unbeschadet der Anwendung der entsprechenden gesetzlichen Bestimmungen, die je nach Fall eingehalten werden m\u00fcssen. In Anbetracht der Relevanz des Vorstehenden wird dem Nutzer empfohlen, sie bei jedem Besuch der Website zu lesen.<\/p><p>Die Website von\u00a0<span class=\"blanc-space ng-binding\">ITW Sport<\/span>\u00a0bietet eine breite Palette von Informationen, Dienstleistungen und Daten. Der Nutzer \u00fcbernimmt die Verantwortung f\u00fcr die korrekte Nutzung der Website. Diese Verantwortung erstreckt sich auf:<\/p><ul><li>Eine Nutzung der Informationen, Inhalte und\/oder Dienste und Daten, die von\u00a0<span class=\"blanc-space ng-binding\">ITW Sport<\/span>\u00a0ohne gegen die Bestimmungen dieser Bedingungen, das Gesetz, die guten Sitten oder die \u00f6ffentliche Ordnung zu versto\u00dfen oder in sonstiger Weise die Rechte Dritter oder den Betrieb der Website zu beeintr\u00e4chtigen.<\/li><li>Die Wahrhaftigkeit und Rechtm\u00e4\u00dfigkeit der Angaben, die der Nutzer in den Formularen von\u00a0<span class=\"blanc-space ng-binding\">ITW Sport<\/span>\u00a0f\u00fcr den Zugang zu bestimmten Inhalten oder Diensten, die auf der Website angeboten werden. In jedem Fall hat der Nutzer unverz\u00fcglich Folgendes zu melden\u00a0<span class=\"blanc-space ng-binding\">ITW Sport<\/span>\u00a0\u00fcber jedes Ereignis, das eine missbr\u00e4uchliche Verwendung der in diesen Formularen eingetragenen Informationen erm\u00f6glicht, wie z. B. Diebstahl, Verlust oder unbefugter Zugang zu Kennungen und\/oder Passw\u00f6rtern, um deren sofortige L\u00f6schung zu veranlassen.<\/li><\/ul><p><span class=\"blanc-space ng-binding\">ITW Sport<\/span>\u00a0beh\u00e4lt sich das Recht vor, alle Kommentare und Beitr\u00e4ge zu entfernen, die gegen das Gesetz oder die Achtung der Menschenw\u00fcrde versto\u00dfen, die diskriminierend, fremdenfeindlich, rassistisch, pornografisch oder spammend sind, die die Jugend oder das Kindesalter, die \u00f6ffentliche Ordnung oder Sicherheit verletzen oder die seiner Meinung nach nicht zur Ver\u00f6ffentlichung geeignet sind.<\/p><p>Auf jeden Fall,\u00a0<span class=\"blanc-space ng-binding\">ITW Sport<\/span>\u00a0ist nicht verantwortlich f\u00fcr die Meinungen, die von den Nutzern durch Kommentare oder andere Blogging- oder Partizipationstools ge\u00e4u\u00dfert werden.<\/p><p>Der blo\u00dfe Zugriff auf diese Website begr\u00fcndet keinerlei Gesch\u00e4ftsbeziehung zwischen\u00a0<span class=\"blanc-space ng-binding\">ITW Sport<\/span>\u00a0und der Benutzer.<\/p><p>Der Benutzer erkl\u00e4rt, dass er vollj\u00e4hrig und ausreichend gesch\u00e4ftsf\u00e4hig ist, um an diese Bedingungen gebunden zu sein. Daher wird diese Website von\u00a0<span class=\"blanc-space ng-binding\">ITW Sport<\/span>\u00a0ist nicht f\u00fcr Minderj\u00e4hrige bestimmt.\u00a0<span class=\"blanc-space ng-binding\">ITW Sport<\/span>\u00a0lehnt jede Haftung f\u00fcr die Nichteinhaltung dieser Anforderung ab.<\/p><p>Die Website richtet sich in erster Linie an Nutzer mit Wohnsitz in\u00a0<span class=\"blanc-space ng-binding\">Spanien<\/span>.\u00a0<span class=\"blanc-space ng-binding\">ITW Sport<\/span>\u00a0gibt keine Zusicherung, dass die Website ganz oder teilweise mit den Gesetzen anderer L\u00e4nder \u00fcbereinstimmt. Wenn der Nutzer an einem anderen Ort wohnt oder seinen Wohnsitz hat und beschlie\u00dft, auf die Website zuzugreifen und\/oder sie zu durchsuchen, tut er dies auf eigenes Risiko und muss sicherstellen, dass ein solcher Zugriff und ein solches Durchsuchen mit der f\u00fcr ihn geltenden lokalen Gesetzgebung \u00fcbereinstimmen, und \u00fcbernimmt keine Haftung f\u00fcr einen solchen Zugriff und\/oder ein solches Durchsuchen.\u00a0<span class=\"blanc-space ng-binding\">ITW Sport<\/span>\u00a0jegliche Haftung, die sich aus einem solchen Zugang ergeben k\u00f6nnte.<\/p><h4>III. ZUGANG UND NAVIGATION AUF DER WEBSITE: AUSSCHLUSS VON GEW\u00c4HRLEISTUNG UND HAFTUNG<\/h4><p><span class=\"blanc-space ng-binding\">ITW Sport<\/span>\u00a0garantiert nicht die Kontinuit\u00e4t, Verf\u00fcgbarkeit und N\u00fctzlichkeit der Website, des Inhalts oder der Dienste.\u00a0<span class=\"blanc-space ng-binding\">ITW Sport<\/span>\u00a0wird sich nach Kr\u00e4ften bem\u00fchen, den reibungslosen Betrieb der Website zu gew\u00e4hrleisten, gibt jedoch keine Zusicherung oder Garantie, dass der Zugang zur Website ununterbrochen oder fehlerfrei ist.<\/p><p>Sie \u00fcbernimmt auch keine Verantwortung oder Garantie daf\u00fcr, dass der Inhalt oder die Software, auf die \u00fcber diese Website zugegriffen werden kann, frei von Fehlern ist oder Sch\u00e4den am Computersystem (Software und Hardware) des Nutzers verursacht. Unter keinen Umst\u00e4nden\u00a0<span class=\"blanc-space ng-binding\">ITW Sport<\/span>\u00a0haftet nicht f\u00fcr Verluste, Sch\u00e4den oder Beeintr\u00e4chtigungen jeglicher Art, die sich aus dem Zugriff auf die Website, dem Durchsuchen und der Nutzung der Website ergeben, einschlie\u00dflich, aber nicht beschr\u00e4nkt auf Verluste, Sch\u00e4den oder Beeintr\u00e4chtigungen von Computersystemen oder durch die Einf\u00fchrung von Viren.<\/p><p><span class=\"blanc-space ng-binding\">ITW Sport<\/span>\u00a0haftet nicht f\u00fcr Sch\u00e4den, die den Nutzern durch eine unsachgem\u00e4\u00dfe Nutzung dieser Website entstehen k\u00f6nnen. Insbesondere haftet sie in keiner Weise f\u00fcr eventuelle Telekommunikationsausf\u00e4lle, Unterbrechungen, St\u00f6rungen oder Defekte.<\/p><h4>IV. KOPPLUNGSPOLITIK<\/h4><p>Bitte beachten Sie, dass die Website von\u00a0<span class=\"blanc-space ng-binding\">ITW Sport<\/span>\u00a0den Nutzern Mittel zur Verkn\u00fcpfung (wie u.a. Links, Banner, Schaltfl\u00e4chen), Verzeichnisse und Suchmaschinen zur Verf\u00fcgung stellt oder stellen kann, die es den Nutzern erm\u00f6glichen, auf Websites zuzugreifen, die Dritten geh\u00f6ren und\/oder von diesen verwaltet werden.<\/p><p>Die Einrichtung dieser Links, Verzeichnisse und Suchmaschinen auf der Website soll den Nutzern die Suche nach und den Zugang zu den im Internet verf\u00fcgbaren Informationen erleichtern und darf nicht als Anregung, Empfehlung oder Aufforderung zum Besuch dieser Websites verstanden werden.<\/p><p><span class=\"blanc-space ng-binding\">ITW Sport<\/span>\u00a0bietet weder selbst noch \u00fcber Dritte die auf solchen verlinkten Seiten verf\u00fcgbaren Produkte und\/oder Dienstleistungen an oder vermarktet sie.<\/p><p>Sie \u00fcbernimmt auch keine Garantie f\u00fcr die technische Verf\u00fcgbarkeit, Genauigkeit, Richtigkeit, G\u00fcltigkeit oder Rechtm\u00e4\u00dfigkeit von Websites, die nicht in ihrem Besitz sind und auf die \u00fcber die Links zugegriffen werden kann.<\/p><p><span class=\"blanc-space ng-binding\">ITW Sport<\/span>\u00a0\u00fcberpr\u00fcft oder kontrolliert in keiner Weise den Inhalt anderer Websites und billigt, pr\u00fcft oder unterst\u00fctzt auch nicht die Produkte und Dienstleistungen, den Inhalt, die Dateien und alle anderen Materialien auf solchen verlinkten Websites.<\/p><p><span class=\"blanc-space ng-binding\">ITW Sport<\/span>\u00a0\u00fcbernimmt keine Haftung f\u00fcr Sch\u00e4den, die sich aus dem Zugang, der Nutzung, der Qualit\u00e4t oder der Rechtm\u00e4\u00dfigkeit der Inhalte, Mitteilungen, Meinungen, Produkte und Dienstleistungen der nicht von\u00a0<span class=\"blanc-space ng-binding\">ITW Sport<\/span>\u00a0und die mit dieser Website verlinkt sind.<\/p><p>Der Nutzer oder ein Dritter, der einen Hyperlink von einer Webseite einer anderen Website auf die Website von\u00a0<span class=\"blanc-space ng-binding\">ITW Sport<\/span>\u00a0sollten das wissen:<\/p><p>Keiner der Inhalte und\/oder Dienste der Website darf ganz oder teilweise ohne die ausdr\u00fcckliche Genehmigung von\u00a0<span class=\"blanc-space ng-binding\">ITW Sport<\/span>.<\/p><p>Keine falschen, ungenauen oder inkorrekten Darstellungen \u00fcber die Website von\u00a0<span class=\"blanc-space ng-binding\">ITW Sport<\/span>, noch auf den Inhalt und\/oder die Dienste desselben.<\/p><p>Mit Ausnahme des Hyperlinks darf die Website, auf der der Hyperlink eingerichtet ist, keine Elemente dieser Website enthalten, die nach spanischem Recht als geistiges Eigentum gesch\u00fctzt sind, es sei denn, dies wurde ausdr\u00fccklich von\u00a0<span class=\"blanc-space ng-binding\">ITW Sport<\/span>.<\/p><p>Die Einrichtung des Hyperlinks impliziert nicht das Bestehen von Beziehungen zwischen\u00a0<span class=\"blanc-space ng-binding\">ITW Sport<\/span>\u00a0und der Eigent\u00fcmer der Website, von der aus sie durchgef\u00fchrt wird, noch die Kenntnis und Akzeptanz der\u00a0<span class=\"blanc-space ng-binding\">ITW Sport<\/span>\u00a0der auf der genannten Website angebotenen Inhalte, Dienstleistungen und\/oder Aktivit\u00e4ten und umgekehrt.<\/p><h4>V. GEISTIGES UND GEWERBLICHES EIGENTUM<\/h4><p><span class=\"blanc-space ng-binding\">ITW Sport<\/span>\u00a0ist selbst oder als Bevollm\u00e4chtigter Inhaber aller geistigen und gewerblichen Eigentumsrechte an der Website sowie an den darin enthaltenen Elementen (einschlie\u00dflich, aber nicht beschr\u00e4nkt auf Bilder, Ton, Audio, Video, Software oder Texte, Marken oder Logos, Farbkombinationen, Struktur und Design, Auswahl der verwendeten Materialien, Computerprogramme, die f\u00fcr den Betrieb, den Zugang und die Nutzung erforderlich sind, usw.). Es handelt sich also um Werke, die als geistiges Eigentum durch das spanische Rechtssystem gesch\u00fctzt sind, da auf sie sowohl die spanischen und gemeinschaftlichen Vorschriften in diesem Bereich als auch die von Spanien unterzeichneten internationalen Vertr\u00e4ge in diesem Bereich anwendbar sind.<\/p><p>Alle Rechte vorbehalten. Gem\u00e4\u00df den Bestimmungen des Gesetzes zum Schutz des geistigen Eigentums sind die Vervielf\u00e4ltigung, die Verbreitung und die \u00f6ffentliche Wiedergabe, einschlie\u00dflich der Zug\u00e4nglichmachung, des gesamten oder eines Teils des Inhalts dieser Website zu kommerziellen Zwecken auf jedem Medium und mit jedem technischen Mittel ohne die Genehmigung von\u00a0<span class=\"blanc-space ng-binding\">ITW Sport<\/span>.<\/p><p>Der Nutzer verpflichtet sich, die geistigen und gewerblichen Eigentumsrechte von\u00a0<span class=\"blanc-space ng-binding\">ITW Sport<\/span>. Sie d\u00fcrfen die Elemente der Website ansehen oder sogar ausdrucken, kopieren und auf der Festplatte Ihres Computers oder auf einem anderen physischen Medium speichern, solange dies ausschlie\u00dflich f\u00fcr Ihren pers\u00f6nlichen Gebrauch geschieht. Der Nutzer darf jedoch keine auf der Website installierten Schutzvorrichtungen oder Sicherheitssysteme entfernen, ver\u00e4ndern oder manipulieren.<\/p><p>Sollte der Nutzer oder ein Dritter der Ansicht sein, dass einer der Inhalte der Website eine Verletzung der Rechte zum Schutz des geistigen Eigentums darstellt, sollte er\/sie unverz\u00fcglich Folgendes mitteilen\u00a0<span class=\"blanc-space ng-binding\">ITW Sport<\/span>\u00a0\u00fcber die Kontaktdaten im Abschnitt ALLGEMEINE INFORMATIONEN dieser rechtlichen Hinweise und allgemeinen Nutzungsbedingungen.<\/p><h4>VI. GERICHTSVERFAHREN, ANWENDBARES RECHT UND GERICHTSBARKEIT<\/h4><p><span class=\"blanc-space ng-binding\">ITW Sport<\/span>\u00a0beh\u00e4lt sich das Recht vor, alle zivil- oder strafrechtlichen Schritte einzuleiten, die sie f\u00fcr eine missbr\u00e4uchliche Nutzung der Website und ihrer Inhalte oder f\u00fcr einen Versto\u00df gegen die vorliegenden Bedingungen f\u00fcr erforderlich h\u00e4lt.<\/p><p>Die Beziehung zwischen dem Nutzer und\u00a0<span class=\"blanc-space ng-binding\">ITW Sport<\/span>\u00a0unterliegen den geltenden und auf spanischem Gebiet anwendbaren Vorschriften. Im Falle von Streitigkeiten in Bezug auf die Auslegung und\/oder Anwendung der vorliegenden Bedingungen unterwerfen sich die Parteien der ordentlichen Gerichtsbarkeit, indem sie sich den Richtern und Gerichten unterwerfen, die nach dem Gesetz zust\u00e4ndig sind.<\/p><p>\u00a0<\/p><\/div><\/header>\t\t\t\t\t\t\t\t<\/div>\n\t\t\t\t<\/div>\n\t\t\t\t\t<\/div>\n\t\t\t\t<\/div>\n\t\t\t\t<\/div>","protected":false},"excerpt":{"rendered":"<p>Aviso Legal y Condiciones Generales de Uso I. INFORMACI\u00d3N GENERAL En cumplimiento con el deber de informaci\u00f3n dispuesto en la Ley 34\/2002 de Servicios de la Sociedad de la Informaci\u00f3n y el Comercio Electr\u00f3nico (LSSI-CE) de 11 de julio, se facilitan a continuaci\u00f3n los siguientes datos de informaci\u00f3n general de este sitio web: La titularidad [&hellip;]<\/p>","protected":false},"author":1,"featured_media":0,"parent":0,"menu_order":0,"comment_status":"closed","ping_status":"closed","template":"","meta":{"_acf_changed":false,"footnotes":""},"class_list":["post-1012","page","type-page","status-publish","hentry"],"acf":[],"yoast_head":"<!-- This site is optimized with the Yoast SEO plugin v26.4 - https:\/\/yoast.com\/wordpress\/plugins\/seo\/ -->\n<title>Aviso Legal y Condiciones Generales de Uso - ITW Sport<\/title>\n<meta name=\"robots\" content=\"noindex, follow\" \/>\n<meta property=\"og:locale\" content=\"de_DE\" \/>\n<meta property=\"og:type\" content=\"article\" \/>\n<meta property=\"og:title\" content=\"Aviso Legal y Condiciones Generales de Uso - ITW Sport\" \/>\n<meta property=\"og:description\" content=\"Aviso Legal y Condiciones Generales de Uso I. INFORMACI\u00d3N GENERAL En cumplimiento con el deber de informaci\u00f3n dispuesto en la Ley 34\/2002 de Servicios de la Sociedad de la Informaci\u00f3n y el Comercio Electr\u00f3nico (LSSI-CE) de 11 de julio, se facilitan a continuaci\u00f3n los siguientes datos de informaci\u00f3n general de este sitio web: La titularidad [&hellip;]\" \/>\n<meta property=\"og:url\" content=\"https:\/\/itwsport.com\/de\/rechtlicher-hinweis-und-allgemeine-nutzungsbedingungen\/\" \/>\n<meta property=\"og:site_name\" content=\"ITW Sport\" \/>\n<meta property=\"article:modified_time\" content=\"2024-04-03T16:36:28+00:00\" \/>\n<meta name=\"twitter:card\" content=\"summary_large_image\" \/>\n<meta name=\"twitter:label1\" content=\"Gesch\u00e4tzte Lesezeit\" \/>\n\t<meta name=\"twitter:data1\" content=\"9\u00a0Minuten\" \/>\n<script type=\"application\/ld+json\" class=\"yoast-schema-graph\">{\"@context\":\"https:\/\/schema.org\",\"@graph\":[{\"@type\":\"WebPage\",\"@id\":\"https:\/\/itwsport.com\/aviso-legal-y-condiciones-generales-de-uso\/\",\"url\":\"https:\/\/itwsport.com\/aviso-legal-y-condiciones-generales-de-uso\/\",\"name\":\"Aviso Legal y Condiciones Generales de Uso - ITW Sport\",\"isPartOf\":{\"@id\":\"https:\/\/itwsport.com\/#website\"},\"datePublished\":\"2024-03-09T21:58:42+00:00\",\"dateModified\":\"2024-04-03T16:36:28+00:00\",\"breadcrumb\":{\"@id\":\"https:\/\/itwsport.com\/aviso-legal-y-condiciones-generales-de-uso\/#breadcrumb\"},\"inLanguage\":\"de\",\"potentialAction\":[{\"@type\":\"ReadAction\",\"target\":[\"https:\/\/itwsport.com\/aviso-legal-y-condiciones-generales-de-uso\/\"]}]},{\"@type\":\"BreadcrumbList\",\"@id\":\"https:\/\/itwsport.com\/aviso-legal-y-condiciones-generales-de-uso\/#breadcrumb\",\"itemListElement\":[{\"@type\":\"ListItem\",\"position\":1,\"name\":\"Portada\",\"item\":\"https:\/\/itwsport.com\/\"},{\"@type\":\"ListItem\",\"position\":2,\"name\":\"Aviso Legal y Condiciones Generales de Uso\"}]},{\"@type\":\"WebSite\",\"@id\":\"https:\/\/itwsport.com\/#website\",\"url\":\"https:\/\/itwsport.com\/\",\"name\":\"ITW Sport\",\"description\":\"- Entrenamientos Deportivos\",\"publisher\":{\"@id\":\"https:\/\/itwsport.com\/#organization\"},\"potentialAction\":[{\"@type\":\"SearchAction\",\"target\":{\"@type\":\"EntryPoint\",\"urlTemplate\":\"https:\/\/itwsport.com\/?s={search_term_string}\"},\"query-input\":{\"@type\":\"PropertyValueSpecification\",\"valueRequired\":true,\"valueName\":\"search_term_string\"}}],\"inLanguage\":\"de\"},{\"@type\":\"Organization\",\"@id\":\"https:\/\/itwsport.com\/#organization\",\"name\":\"ITW Sport\",\"url\":\"https:\/\/itwsport.com\/\",\"logo\":{\"@type\":\"ImageObject\",\"inLanguage\":\"de\",\"@id\":\"https:\/\/itwsport.com\/#\/schema\/logo\/image\/\",\"url\":\"https:\/\/itwsport.com\/wp-content\/uploads\/2024\/03\/Recurso-58aaaa@4x.png\",\"contentUrl\":\"https:\/\/itwsport.com\/wp-content\/uploads\/2024\/03\/Recurso-58aaaa@4x.png\",\"width\":673,\"height\":178,\"caption\":\"ITW Sport\"},\"image\":{\"@id\":\"https:\/\/itwsport.com\/#\/schema\/logo\/image\/\"}}]}<\/script>\n<!-- \/ Yoast SEO plugin. -->","yoast_head_json":{"title":"Rechtliche Hinweise und Allgemeine Nutzungsbedingungen - ITW Sport","robots":{"index":"noindex","follow":"follow"},"og_locale":"de_DE","og_type":"article","og_title":"Aviso Legal y Condiciones Generales de Uso - ITW Sport","og_description":"Aviso Legal y Condiciones Generales de Uso I. INFORMACI\u00d3N GENERAL En cumplimiento con el deber de informaci\u00f3n dispuesto en la Ley 34\/2002 de Servicios de la Sociedad de la Informaci\u00f3n y el Comercio Electr\u00f3nico (LSSI-CE) de 11 de julio, se facilitan a continuaci\u00f3n los siguientes datos de informaci\u00f3n general de este sitio web: La titularidad [&hellip;]","og_url":"https:\/\/itwsport.com\/de\/rechtlicher-hinweis-und-allgemeine-nutzungsbedingungen\/","og_site_name":"ITW Sport","article_modified_time":"2024-04-03T16:36:28+00:00","twitter_card":"summary_large_image","twitter_misc":{"Gesch\u00e4tzte Lesezeit":"9\u00a0Minuten"},"schema":{"@context":"https:\/\/schema.org","@graph":[{"@type":"WebPage","@id":"https:\/\/itwsport.com\/aviso-legal-y-condiciones-generales-de-uso\/","url":"https:\/\/itwsport.com\/aviso-legal-y-condiciones-generales-de-uso\/","name":"Rechtliche Hinweise und Allgemeine Nutzungsbedingungen - ITW Sport","isPartOf":{"@id":"https:\/\/itwsport.com\/#website"},"datePublished":"2024-03-09T21:58:42+00:00","dateModified":"2024-04-03T16:36:28+00:00","breadcrumb":{"@id":"https:\/\/itwsport.com\/aviso-legal-y-condiciones-generales-de-uso\/#breadcrumb"},"inLanguage":"de","potentialAction":[{"@type":"ReadAction","target":["https:\/\/itwsport.com\/aviso-legal-y-condiciones-generales-de-uso\/"]}]},{"@type":"BreadcrumbList","@id":"https:\/\/itwsport.com\/aviso-legal-y-condiciones-generales-de-uso\/#breadcrumb","itemListElement":[{"@type":"ListItem","position":1,"name":"Portada","item":"https:\/\/itwsport.com\/"},{"@type":"ListItem","position":2,"name":"Aviso Legal y Condiciones Generales de Uso"}]},{"@type":"WebSite","@id":"https:\/\/itwsport.com\/#website","url":"https:\/\/itwsport.com\/","name":"ITW Sport","description":"- Sportliche Ausbildung","publisher":{"@id":"https:\/\/itwsport.com\/#organization"},"potentialAction":[{"@type":"SearchAction","target":{"@type":"EntryPoint","urlTemplate":"https:\/\/itwsport.com\/?s={search_term_string}"},"query-input":{"@type":"PropertyValueSpecification","valueRequired":true,"valueName":"search_term_string"}}],"inLanguage":"de"},{"@type":"Organization","@id":"https:\/\/itwsport.com\/#organization","name":"ITW Sport","url":"https:\/\/itwsport.com\/","logo":{"@type":"ImageObject","inLanguage":"de","@id":"https:\/\/itwsport.com\/#\/schema\/logo\/image\/","url":"https:\/\/itwsport.com\/wp-content\/uploads\/2024\/03\/Recurso-58aaaa@4x.png","contentUrl":"https:\/\/itwsport.com\/wp-content\/uploads\/2024\/03\/Recurso-58aaaa@4x.png","width":673,"height":178,"caption":"ITW Sport"},"image":{"@id":"https:\/\/itwsport.com\/#\/schema\/logo\/image\/"}}]}},"_links":{"self":[{"href":"https:\/\/itwsport.com\/de\/wp-json\/wp\/v2\/pages\/1012","targetHints":{"allow":["GET"]}}],"collection":[{"href":"https:\/\/itwsport.com\/de\/wp-json\/wp\/v2\/pages"}],"about":[{"href":"https:\/\/itwsport.com\/de\/wp-json\/wp\/v2\/types\/page"}],"author":[{"embeddable":true,"href":"https:\/\/itwsport.com\/de\/wp-json\/wp\/v2\/users\/1"}],"replies":[{"embeddable":true,"href":"https:\/\/itwsport.com\/de\/wp-json\/wp\/v2\/comments?post=1012"}],"version-history":[{"count":11,"href":"https:\/\/itwsport.com\/de\/wp-json\/wp\/v2\/pages\/1012\/revisions"}],"predecessor-version":[{"id":3826,"href":"https:\/\/itwsport.com\/de\/wp-json\/wp\/v2\/pages\/1012\/revisions\/3826"}],"wp:attachment":[{"href":"https:\/\/itwsport.com\/de\/wp-json\/wp\/v2\/media?parent=1012"}],"curies":[{"name":"wp","href":"https:\/\/api.w.org\/{rel}","templated":true}]}}