{"id":1027,"date":"2024-03-09T22:05:59","date_gmt":"2024-03-09T22:05:59","guid":{"rendered":"https:\/\/itw.hilldevelop.com\/?page_id=1027"},"modified":"2024-04-03T16:36:35","modified_gmt":"2024-04-03T16:36:35","slug":"politica-de-cookies","status":"publish","type":"page","link":"https:\/\/itwsport.com\/ca\/politica-de-cookies\/","title":{"rendered":"Pol\u00edtica de Cookies"},"content":{"rendered":"<div data-elementor-type=\"wp-page\" data-elementor-id=\"1027\" class=\"elementor elementor-1027\" data-elementor-post-type=\"page\">\n\t\t\t\t\t\t<section class=\"elementor-section elementor-top-section elementor-element elementor-element-2c76edfb elementor-section-full_width elementor-section-height-default elementor-section-height-default\" data-id=\"2c76edfb\" data-element_type=\"section\" data-settings=\"{&quot;background_background&quot;:&quot;classic&quot;}\">\n\t\t\t\t\t\t\t<div class=\"elementor-background-overlay\"><\/div>\n\t\t\t\t\t\t\t<div class=\"elementor-container elementor-column-gap-no\">\n\t\t\t\t\t<div class=\"elementor-column elementor-col-100 elementor-top-column elementor-element elementor-element-3f0984e6\" data-id=\"3f0984e6\" data-element_type=\"column\" data-settings=\"{&quot;background_background&quot;:&quot;classic&quot;}\">\n\t\t\t<div class=\"elementor-widget-wrap elementor-element-populated\">\n\t\t\t\t\t<div class=\"elementor-background-overlay\"><\/div>\n\t\t\t\t\t\t<section class=\"elementor-section elementor-inner-section elementor-element elementor-element-1aa423d elementor-section-content-middle elementor-section-boxed elementor-section-height-default elementor-section-height-default\" data-id=\"1aa423d\" data-element_type=\"section\">\n\t\t\t\t\t\t\t<div class=\"elementor-background-overlay\"><\/div>\n\t\t\t\t\t\t\t<div class=\"elementor-container elementor-column-gap-default\">\n\t\t\t\t\t<div class=\"elementor-column elementor-col-100 elementor-inner-column elementor-element elementor-element-612925a4\" data-id=\"612925a4\" data-element_type=\"column\" data-settings=\"{&quot;background_background&quot;:&quot;classic&quot;}\">\n\t\t\t<div class=\"elementor-widget-wrap elementor-element-populated\">\n\t\t\t\t\t<div class=\"elementor-background-overlay\"><\/div>\n\t\t\t\t\t\t<div class=\"elementor-element elementor-element-7b232d5f elementor-widget elementor-widget-heading\" data-id=\"7b232d5f\" data-element_type=\"widget\" data-widget_type=\"heading.default\">\n\t\t\t\t<div class=\"elementor-widget-container\">\n\t\t\t\t\t<h1 class=\"elementor-heading-title elementor-size-default\">Pol\u00edtica de Cookies<\/h1>\t\t\t\t<\/div>\n\t\t\t\t<\/div>\n\t\t\t\t\t<\/div>\n\t\t<\/div>\n\t\t\t\t\t<\/div>\n\t\t<\/section>\n\t\t\t\t\t<\/div>\n\t\t<\/div>\n\t\t\t\t\t<\/div>\n\t\t<\/section>\n\t\t<div class=\"elementor-element elementor-element-88915cf e-flex e-con-boxed e-con e-parent\" data-id=\"88915cf\" data-element_type=\"container\">\n\t\t\t\t\t<div class=\"e-con-inner\">\n\t\t\t\t<div class=\"elementor-element elementor-element-8182110 elementor-widget elementor-widget-text-editor\" data-id=\"8182110\" data-element_type=\"widget\" data-widget_type=\"text-editor.default\">\n\t\t\t\t<div class=\"elementor-widget-container\">\n\t\t\t\t\t\t\t\t\t<p>Aquest web utilitza cookies per tal de facilitar la navegaci\u00f3 i oferir un servei personalitzat i m\u00e9s \u00e0gil. L&#039;Usuari pot configurar el vostre programa de navegaci\u00f3 per Internet per no rebre aquestes cookies; en aquest cas la qualitat i rapidesa en la navegaci\u00f3 a la web pot disminuir.<\/p><p><strong>Qu\u00e8 s\u00f3n les galetes i per a qu\u00e8 serveixen?<br \/><\/strong>Les cookies s\u00f3n arxius que les p\u00e0gines web poden instal\u00b7lar al dispositiu (ordinador, tauleta, smartphone, etc.) amb finalitats molt variades. El principal objectiu \u00e9s facilitar la navegaci\u00f3 per part de l&#039;usuari, per\u00f2 tamb\u00e9 poden recopilar una altra informaci\u00f3 com, per exemple, per a finalitats estad\u00edstiques.<\/p><p>Mitjan\u00e7ant l&#039;\u00fas de galetes, es millora el rendiment t\u00e8cnic del web, adaptant la navegaci\u00f3 a les prefer\u00e8ncies dels usuaris. D&#039;altra banda, la informaci\u00f3 estad\u00edstica recollida a partir de les galetes permet als responsables de la web millorar el servei que ofereixen.<\/p><p><strong>Tipologia de cookies<br \/><\/strong>Segons la seva perman\u00e8ncia, les galetes es classifiquen en galetes de sessi\u00f3 o permanents. Les primeres expiren quan es tanca el navegador, mentre que les segones expiren quan ja han complert la seva funci\u00f3 o quan s&#039;esborren manualment.<\/p><p>COOKIES DE RENDIMENT: Aquestes galetes guarden les prefer\u00e8ncies de certes eines per no haver de configurar-les cada cop que s&#039;accedeix a la web.<\/p><p>COOKIES ANAL\u00cdTIQUES: S\u00f3n les galetes que permeten analitzar el tr\u00e0nsit per la web i analitzar estad\u00edsticament l&#039;\u00fas dels diversos serveis que ofereix la web. La recopilaci\u00f3 d&#039;aquestes dades \u00e9s an\u00f2nimament i no va lligada a cap dada de car\u00e0cter personal.<\/p><p>COOKIES DE GEOLOCALITZACI\u00d3: Aquestes galetes detecten, de manera an\u00f2nima, el pa\u00eds on es troba l&#039;usuari per oferir continguts i serveis m\u00e9s adequats.<\/p><p>COOKIES DE REGISTRE: S\u00f3n galetes que es generen quan l&#039;usuari s&#039;ha registrat i serveixen per identificar els comptes d&#039;usuari i els serveis associats.<\/p><p>COOKIES DE PUBLICITAT: S\u00f3n les galetes que possibiliten gestionar els diferents anuncis mostrats a la web, adaptant el contingut de l&#039;espai publicitari a l&#039;\u00fas que realitza a la web.<\/p><p>COOKIES DE TERCERS: Aquestes galetes de tercers poden ser instal\u00b7lades a la p\u00e0gina amb l&#039;objectiu de millorar els serveis que aquests tercers ofereixen. Per exemple, els enlla\u00e7os a xarxes socials per compartir els continguts de la web.<\/p><p><strong>\u00c9s possible eliminar la instal\u00b7laci\u00f3 de cookies?<br \/><\/strong>Tots els navegadors permeten bloquejar o eliminar les galetes si l&#039;Usuari aix\u00ed ho prefereix. A continuaci\u00f3, es mostren indicacions per fer-ho:<br \/>Internet Explorer: Eines &gt; Opcions d&#039;Internet &gt; Privadesa &gt; Configuraci\u00f3<br \/>Firefox: Eines &gt; Opcions &gt; Privadesa &gt; Historial &gt; Configuraci\u00f3 Personalitzada<br \/>Chrome: Configuraci\u00f3 &gt; Mostra opcions avan\u00e7ades &gt; Privadesa &gt; Configuraci\u00f3 de contingut<br \/>Safari: Prefer\u00e8ncies &gt; Seguretat<\/p>\t\t\t\t\t\t\t\t<\/div>\n\t\t\t\t<\/div>\n\t\t\t\t\t<\/div>\n\t\t\t\t<\/div>\n\t\t\t\t<\/div>","protected":false},"excerpt":{"rendered":"<p>Pol\u00edtica de Cookies La presente web utiliza cookies con el fin de facilitar la navegaci\u00f3n y ofrecer un servicio personalizado y m\u00e1s \u00e1gil. El Usuario puede configurar su programa de navegaci\u00f3n por Internet para no recibir dichas cookies; en tal caso la calidad y rapidez en la navegaci\u00f3n en la web puede disminuir. \u00bfQu\u00e9 son [&hellip;]<\/p>","protected":false},"author":1,"featured_media":0,"parent":0,"menu_order":0,"comment_status":"closed","ping_status":"closed","template":"","meta":{"_acf_changed":false,"footnotes":""},"class_list":["post-1027","page","type-page","status-publish","hentry"],"acf":[],"yoast_head":"<!-- This site is optimized with the Yoast SEO plugin v26.4 - https:\/\/yoast.com\/wordpress\/plugins\/seo\/ -->\n<title>Pol\u00edtica de Cookies - ITW Sport<\/title>\n<meta name=\"robots\" content=\"noindex, follow\" \/>\n<meta property=\"og:locale\" content=\"ca_ES\" \/>\n<meta property=\"og:type\" content=\"article\" \/>\n<meta property=\"og:title\" content=\"Pol\u00edtica de Cookies - ITW Sport\" \/>\n<meta property=\"og:description\" content=\"Pol\u00edtica de Cookies La presente web utiliza cookies con el fin de facilitar la navegaci\u00f3n y ofrecer un servicio personalizado y m\u00e1s \u00e1gil. El Usuario puede configurar su programa de navegaci\u00f3n por Internet para no recibir dichas cookies; en tal caso la calidad y rapidez en la navegaci\u00f3n en la web puede disminuir. \u00bfQu\u00e9 son [&hellip;]\" \/>\n<meta property=\"og:url\" content=\"https:\/\/itwsport.com\/ca\/politica-de-cookies\/\" \/>\n<meta property=\"og:site_name\" content=\"ITW Sport\" \/>\n<meta property=\"article:modified_time\" content=\"2024-04-03T16:36:35+00:00\" \/>\n<meta name=\"twitter:card\" content=\"summary_large_image\" \/>\n<meta name=\"twitter:label1\" content=\"Temps estimat de lectura\" \/>\n\t<meta name=\"twitter:data1\" content=\"2 minuts\" \/>\n<script type=\"application\/ld+json\" class=\"yoast-schema-graph\">{\"@context\":\"https:\/\/schema.org\",\"@graph\":[{\"@type\":\"WebPage\",\"@id\":\"https:\/\/itwsport.com\/politica-de-cookies\/\",\"url\":\"https:\/\/itwsport.com\/politica-de-cookies\/\",\"name\":\"Pol\u00edtica de Cookies - ITW Sport\",\"isPartOf\":{\"@id\":\"https:\/\/itwsport.com\/#website\"},\"datePublished\":\"2024-03-09T22:05:59+00:00\",\"dateModified\":\"2024-04-03T16:36:35+00:00\",\"breadcrumb\":{\"@id\":\"https:\/\/itwsport.com\/politica-de-cookies\/#breadcrumb\"},\"inLanguage\":\"ca\",\"potentialAction\":[{\"@type\":\"ReadAction\",\"target\":[\"https:\/\/itwsport.com\/politica-de-cookies\/\"]}]},{\"@type\":\"BreadcrumbList\",\"@id\":\"https:\/\/itwsport.com\/politica-de-cookies\/#breadcrumb\",\"itemListElement\":[{\"@type\":\"ListItem\",\"position\":1,\"name\":\"Portada\",\"item\":\"https:\/\/itwsport.com\/\"},{\"@type\":\"ListItem\",\"position\":2,\"name\":\"Pol\u00edtica de Cookies\"}]},{\"@type\":\"WebSite\",\"@id\":\"https:\/\/itwsport.com\/#website\",\"url\":\"https:\/\/itwsport.com\/\",\"name\":\"ITW Sport\",\"description\":\"- Entrenamientos Deportivos\",\"publisher\":{\"@id\":\"https:\/\/itwsport.com\/#organization\"},\"potentialAction\":[{\"@type\":\"SearchAction\",\"target\":{\"@type\":\"EntryPoint\",\"urlTemplate\":\"https:\/\/itwsport.com\/?s={search_term_string}\"},\"query-input\":{\"@type\":\"PropertyValueSpecification\",\"valueRequired\":true,\"valueName\":\"search_term_string\"}}],\"inLanguage\":\"ca\"},{\"@type\":\"Organization\",\"@id\":\"https:\/\/itwsport.com\/#organization\",\"name\":\"ITW Sport\",\"url\":\"https:\/\/itwsport.com\/\",\"logo\":{\"@type\":\"ImageObject\",\"inLanguage\":\"ca\",\"@id\":\"https:\/\/itwsport.com\/#\/schema\/logo\/image\/\",\"url\":\"https:\/\/itwsport.com\/wp-content\/uploads\/2024\/03\/Recurso-58aaaa@4x.png\",\"contentUrl\":\"https:\/\/itwsport.com\/wp-content\/uploads\/2024\/03\/Recurso-58aaaa@4x.png\",\"width\":673,\"height\":178,\"caption\":\"ITW Sport\"},\"image\":{\"@id\":\"https:\/\/itwsport.com\/#\/schema\/logo\/image\/\"}}]}<\/script>\n<!-- \/ Yoast SEO plugin. -->","yoast_head_json":{"title":"Pol\u00edtica de Cookies - ITW Sport","robots":{"index":"noindex","follow":"follow"},"og_locale":"ca_ES","og_type":"article","og_title":"Pol\u00edtica de Cookies - ITW Sport","og_description":"Pol\u00edtica de Cookies La presente web utiliza cookies con el fin de facilitar la navegaci\u00f3n y ofrecer un servicio personalizado y m\u00e1s \u00e1gil. El Usuario puede configurar su programa de navegaci\u00f3n por Internet para no recibir dichas cookies; en tal caso la calidad y rapidez en la navegaci\u00f3n en la web puede disminuir. \u00bfQu\u00e9 son [&hellip;]","og_url":"https:\/\/itwsport.com\/ca\/politica-de-cookies\/","og_site_name":"ITW Sport","article_modified_time":"2024-04-03T16:36:35+00:00","twitter_card":"summary_large_image","twitter_misc":{"Temps estimat de lectura":"2 minuts"},"schema":{"@context":"https:\/\/schema.org","@graph":[{"@type":"WebPage","@id":"https:\/\/itwsport.com\/politica-de-cookies\/","url":"https:\/\/itwsport.com\/politica-de-cookies\/","name":"Pol\u00edtica de Cookies - ITW Sport","isPartOf":{"@id":"https:\/\/itwsport.com\/#website"},"datePublished":"2024-03-09T22:05:59+00:00","dateModified":"2024-04-03T16:36:35+00:00","breadcrumb":{"@id":"https:\/\/itwsport.com\/politica-de-cookies\/#breadcrumb"},"inLanguage":"ca","potentialAction":[{"@type":"ReadAction","target":["https:\/\/itwsport.com\/politica-de-cookies\/"]}]},{"@type":"BreadcrumbList","@id":"https:\/\/itwsport.com\/politica-de-cookies\/#breadcrumb","itemListElement":[{"@type":"ListItem","position":1,"name":"Portada","item":"https:\/\/itwsport.com\/"},{"@type":"ListItem","position":2,"name":"Pol\u00edtica de Cookies"}]},{"@type":"WebSite","@id":"https:\/\/itwsport.com\/#website","url":"https:\/\/itwsport.com\/","name":"ITW Sport","description":"- Entrenaments Esportius","publisher":{"@id":"https:\/\/itwsport.com\/#organization"},"potentialAction":[{"@type":"SearchAction","target":{"@type":"EntryPoint","urlTemplate":"https:\/\/itwsport.com\/?s={search_term_string}"},"query-input":{"@type":"PropertyValueSpecification","valueRequired":true,"valueName":"search_term_string"}}],"inLanguage":"ca"},{"@type":"Organization","@id":"https:\/\/itwsport.com\/#organization","name":"ITW Sport","url":"https:\/\/itwsport.com\/","logo":{"@type":"ImageObject","inLanguage":"ca","@id":"https:\/\/itwsport.com\/#\/schema\/logo\/image\/","url":"https:\/\/itwsport.com\/wp-content\/uploads\/2024\/03\/Recurso-58aaaa@4x.png","contentUrl":"https:\/\/itwsport.com\/wp-content\/uploads\/2024\/03\/Recurso-58aaaa@4x.png","width":673,"height":178,"caption":"ITW Sport"},"image":{"@id":"https:\/\/itwsport.com\/#\/schema\/logo\/image\/"}}]}},"_links":{"self":[{"href":"https:\/\/itwsport.com\/ca\/wp-json\/wp\/v2\/pages\/1027","targetHints":{"allow":["GET"]}}],"collection":[{"href":"https:\/\/itwsport.com\/ca\/wp-json\/wp\/v2\/pages"}],"about":[{"href":"https:\/\/itwsport.com\/ca\/wp-json\/wp\/v2\/types\/page"}],"author":[{"embeddable":true,"href":"https:\/\/itwsport.com\/ca\/wp-json\/wp\/v2\/users\/1"}],"replies":[{"embeddable":true,"href":"https:\/\/itwsport.com\/ca\/wp-json\/wp\/v2\/comments?post=1027"}],"version-history":[{"count":7,"href":"https:\/\/itwsport.com\/ca\/wp-json\/wp\/v2\/pages\/1027\/revisions"}],"predecessor-version":[{"id":3829,"href":"https:\/\/itwsport.com\/ca\/wp-json\/wp\/v2\/pages\/1027\/revisions\/3829"}],"wp:attachment":[{"href":"https:\/\/itwsport.com\/ca\/wp-json\/wp\/v2\/media?parent=1027"}],"curies":[{"name":"wp","href":"https:\/\/api.w.org\/{rel}","templated":true}]}}