{"id":1012,"date":"2024-03-09T21:58:42","date_gmt":"2024-03-09T21:58:42","guid":{"rendered":"https:\/\/itw.hilldevelop.com\/?page_id=1012"},"modified":"2024-04-03T16:36:28","modified_gmt":"2024-04-03T16:36:28","slug":"avis-legal-i-condicions-generals-dus","status":"publish","type":"page","link":"https:\/\/itwsport.com\/ca\/avis-legal-i-condicions-generals-dus\/","title":{"rendered":"Av\u00eds Legal i Condicions Generals d&#039;\u00das"},"content":{"rendered":"<div data-elementor-type=\"wp-page\" data-elementor-id=\"1012\" class=\"elementor elementor-1012\" data-elementor-post-type=\"page\">\n\t\t\t\t\t\t<section class=\"elementor-section elementor-top-section elementor-element elementor-element-2c76edfb elementor-section-full_width elementor-section-height-default elementor-section-height-default\" data-id=\"2c76edfb\" data-element_type=\"section\" data-settings=\"{&quot;background_background&quot;:&quot;classic&quot;}\">\n\t\t\t\t\t\t\t<div class=\"elementor-background-overlay\"><\/div>\n\t\t\t\t\t\t\t<div class=\"elementor-container elementor-column-gap-no\">\n\t\t\t\t\t<div class=\"elementor-column elementor-col-100 elementor-top-column elementor-element elementor-element-3f0984e6\" data-id=\"3f0984e6\" data-element_type=\"column\" data-settings=\"{&quot;background_background&quot;:&quot;classic&quot;}\">\n\t\t\t<div class=\"elementor-widget-wrap elementor-element-populated\">\n\t\t\t\t\t<div class=\"elementor-background-overlay\"><\/div>\n\t\t\t\t\t\t<section class=\"elementor-section elementor-inner-section elementor-element elementor-element-1aa423d elementor-section-content-middle elementor-section-boxed elementor-section-height-default elementor-section-height-default\" data-id=\"1aa423d\" data-element_type=\"section\">\n\t\t\t\t\t\t\t<div class=\"elementor-background-overlay\"><\/div>\n\t\t\t\t\t\t\t<div class=\"elementor-container elementor-column-gap-default\">\n\t\t\t\t\t<div class=\"elementor-column elementor-col-100 elementor-inner-column elementor-element elementor-element-612925a4\" data-id=\"612925a4\" data-element_type=\"column\" data-settings=\"{&quot;background_background&quot;:&quot;classic&quot;}\">\n\t\t\t<div class=\"elementor-widget-wrap elementor-element-populated\">\n\t\t\t\t\t<div class=\"elementor-background-overlay\"><\/div>\n\t\t\t\t\t\t<div class=\"elementor-element elementor-element-7b232d5f elementor-widget elementor-widget-heading\" data-id=\"7b232d5f\" data-element_type=\"widget\" data-widget_type=\"heading.default\">\n\t\t\t\t<div class=\"elementor-widget-container\">\n\t\t\t\t\t<h1 class=\"elementor-heading-title elementor-size-default\">Av\u00eds Legal i Condicions Generals d&#039;\u00das<\/h1>\t\t\t\t<\/div>\n\t\t\t\t<\/div>\n\t\t\t\t\t<\/div>\n\t\t<\/div>\n\t\t\t\t\t<\/div>\n\t\t<\/section>\n\t\t\t\t\t<\/div>\n\t\t<\/div>\n\t\t\t\t\t<\/div>\n\t\t<\/section>\n\t\t<div class=\"elementor-element elementor-element-88915cf e-flex e-con-boxed e-con e-parent\" data-id=\"88915cf\" data-element_type=\"container\">\n\t\t\t\t\t<div class=\"e-con-inner\">\n\t\t\t\t<div class=\"elementor-element elementor-element-8182110 elementor-widget elementor-widget-text-editor\" data-id=\"8182110\" data-element_type=\"widget\" data-widget_type=\"text-editor.default\">\n\t\t\t\t<div class=\"elementor-widget-container\">\n\t\t\t\t\t\t\t\t\t<header class=\"text-center\"><header class=\"text-center\"><h4>I. INFORMACI\u00d3 GENERAL<\/h4><\/header><div><p>En compliment amb el deure informaci\u00f3 disposat a la Llei 34\/2002 de Serveis de la Societat de la Informaci\u00f3 i el Comer\u00e7 Electr\u00f2nic (LSSI-CE) d&#039;11 de juliol, es faciliten a continuaci\u00f3 les dades d&#039;informaci\u00f3 general d&#039;aquest lloc web seg\u00fcents:<\/p><p class=\"\">La titularitat d&#039;aquest lloc web,\u00a0<span class=\"blanc-space ng-binding\">https:\/\/itwsport.com<\/span>, (d&#039;ara endavant, Lloc Web) l&#039;ostenta:\u00a0<span class=\"blanc-space ng-binding\">Glo Think &amp; Friends SL<\/span>, prove\u00efda de NIF:\u00a0<span class=\"blanc-space ng-binding\">B66583188<\/span>\u00a0i inscrita a:\u00a0<span class=\"blanc-space ng-binding\">Carrer de Gernika n\u00famero 12, 1r 1a (08038 Barcelona)<\/span>\u00a0amb les seg\u00fcents dades registrals:\u00a0<span class=\"blanc-space ng-binding\">Tom 44941 general, de la Secci\u00f3 0, inscripci\u00f3 1 del Llibre 0 de Societats, foli 52, Full 471958<\/span>, el representant del qual \u00e9s: , i les dades de contacte del qual s\u00f3n:<\/p><p>Tel\u00e8fon de contacte:\u00a0<span class=\"blanc-space ng-binding\">689 06 55 59<\/span><\/p><p>Email de contacte:\u00a0<span class=\"blanc-space ng-binding\">social@glothink.com<\/span><\/p><h4>II. TERMES I CONDICIONS GENERALS D&#039;\u00daS<\/h4><h4>L&#039;objecte de les condicions: El Lloc Web<\/h4><p>L&#039;objecte d&#039;aquestes Condicions Generals d&#039;\u00das (d&#039;ara endavant, Condicions) \u00e9s regular l&#039;acc\u00e9s i la utilitzaci\u00f3 del Lloc Web. Als efectes de les presents Condicions s&#039;entendr\u00e0 com a Lloc Web: l&#039;aparen\u00e7a externa de les interf\u00edcies de pantalla, tant de forma est\u00e0tica com de forma din\u00e0mica, \u00e9s a dir, l&#039;arbre de navegaci\u00f3; i tots els elements integrats tant a les interf\u00edcies de pantalla com a l&#039;arbre de navegaci\u00f3 (d&#039;ara endavant, Continguts) i tots aquells serveis o recursos en l\u00ednia que si escau ofereixi als Usuaris (d&#039;ara endavant, Serveis).<\/p><p><span class=\"blanc-space ng-binding\">ITW Sport<\/span>\u00a0es reserva la facultat de modificar, en qualsevol moment, i sense av\u00eds previ, la presentaci\u00f3 i configuraci\u00f3 del Lloc Web i dels Continguts i Serveis que hi poguessin estar incorporats. L&#039;Usuari reconeix i accepta que en qualsevol moment\u00a0<span class=\"blanc-space ng-binding\">ITW Sport<\/span>\u00a0pugui interrompre, desactivar i\/o cancel\u00b7lar qualsevol d&#039;aquests elements que s&#039;integren al Lloc Web o accedir-hi.<\/p><p>L&#039;acc\u00e9s al Lloc Web per l&#039;Usuari t\u00e9 car\u00e0cter lliure i, per regla general, \u00e9s gratu\u00eft sense que l&#039;Usuari hagi de proporcionar una contraprestaci\u00f3 per poder gaudir-ne, llevat del cost de connexi\u00f3 a trav\u00e9s de la xarxa de telecomunicacions subministrada pel prove\u00efdor d&#039;acc\u00e9s que hagi contractat l&#039;Usuari.<\/p><p>La utilitzaci\u00f3 d&#039;algun dels continguts o serveis del lloc web es pot fer mitjan\u00e7ant la subscripci\u00f3 o el registre previ de l&#039;usuari.<\/p><h4>L&#039;Usuari<\/h4><p>L&#039;acc\u00e9s, la navegaci\u00f3 i l&#039;\u00fas del Lloc Web, aix\u00ed com pels espais habilitats per interactuar entre els Usuaris, i l&#039;Usuari i\u00a0<span class=\"blanc-space ng-binding\">ITW Sport<\/span>, com els comentaris i\/o espais de blogging, confereix la condici\u00f3 d&#039;Usuari, per la qual cosa s&#039;accepten, des que s&#039;inicia la navegaci\u00f3 pel Lloc Web, totes les Condicions aqu\u00ed establertes, aix\u00ed com les modificacions ulteriors, sense perjudici de l&#039;aplicaci\u00f3 de la corresponent normativa legal de compliment obligat segons el cas. Atesa la rellev\u00e0ncia de l&#039;anterior, es recomana a l&#039;Usuari llegir-les cada vegada que visiteu el Lloc Web.<\/p><p>El Lloc Web de\u00a0<span class=\"blanc-space ng-binding\">ITW Sport<\/span>\u00a0proporciona una gran diversitat d&#039;informaci\u00f3, serveis i dades. L&#039;Usuari assumeix la seva responsabilitat per fer un \u00fas correcte del Lloc Web. Aquesta responsabilitat s&#039;estendr\u00e0 a:<\/p><ul><li>Un \u00fas de la informaci\u00f3, Continguts i\/o Serveis i dades ofertes per\u00a0<span class=\"blanc-space ng-binding\">ITW Sport<\/span>\u00a0sense que sigui contrari al que disposen aquestes Condicions, la Llei, la moral o l&#039;ordre p\u00fablic, o que de qualsevol altra manera puguin suposar lesi\u00f3 dels drets de tercers o del mateix funcionament del Lloc Web.<\/li><li>La veracitat i licitud de les informacions aportades per l&#039;Usuari als formularis estesos per\u00a0<span class=\"blanc-space ng-binding\">ITW Sport<\/span>\u00a0per a l&#039;acc\u00e9s a certs continguts o serveis oferts pel Lloc Web. En tot cas, l&#039;Usuari notificar\u00e0 de forma immediata a\u00a0<span class=\"blanc-space ng-binding\">ITW Sport<\/span>\u00a0sobre qualsevol fet que permeti l&#039;\u00fas indegut de la informaci\u00f3 registrada en aquests formularis, com ara, per\u00f2 no nom\u00e9s, el robatori, p\u00e8rdua, o l&#039;acc\u00e9s no autoritzat a identificadors i\/o contrasenyes, per tal de procedir a cancel\u00b7lar-la immediatament.<\/li><\/ul><p><span class=\"blanc-space ng-binding\">ITW Sport<\/span>\u00a0es reserva el dret de retirar tots aquells comentaris i aportacions que vulnerin la llei, el respecte a la dignitat de la persona, que siguin discriminatoris, xen\u00f2fobs, racistes, pornogr\u00e0fics, spamming, que atemptin contra la joventut o la inf\u00e0ncia, l&#039;ordre o la seguretat p\u00fablica o que, a parer seu, no resultessin adequats per a la seva publicaci\u00f3.<\/p><p>En qualsevol cas,\u00a0<span class=\"blanc-space ng-binding\">ITW Sport<\/span>\u00a0no ser\u00e0 responsable de les opinions abocades pels Usuaris a trav\u00e9s de comentaris o altres eines de blogging o de participaci\u00f3 que hi pugui haver.<\/p><p>El mer acc\u00e9s a aquest Lloc Web no suposa entaular cap tipus de relaci\u00f3 de car\u00e0cter comercial entre\u00a0<span class=\"blanc-space ng-binding\">ITW Sport<\/span>\u00a0i l&#039;Usuari.<\/p><p>L&#039;Usuari declara que \u00e9s m\u00e9s gran i disposar de la capacitat jur\u00eddica suficient per vincular-se per aquestes Condicions. Per tant, aquest Lloc Web de\u00a0<span class=\"blanc-space ng-binding\">ITW Sport<\/span>\u00a0no s&#039;adre\u00e7a a menors d&#039;edat.\u00a0<span class=\"blanc-space ng-binding\">ITW Sport<\/span>\u00a0declina qualsevol responsabilitat per incomplir aquest requisit.<\/p><p>El Lloc Web est\u00e0 dirigit principalment a Usuaris residents a\u00a0<span class=\"blanc-space ng-binding\">Espanya<\/span>.\u00a0<span class=\"blanc-space ng-binding\">ITW Sport<\/span>\u00a0no assegura que el Lloc Web compleixi amb legislacions d&#039;altres pa\u00efsos, ja sigui totalment o parcialment. Si l&#039;Usuari resideix o t\u00e9 el domiciliat en un altre lloc i decideix accedir i\/o navegar al Lloc Web ho far\u00e0 sota la seva pr\u00f2pia responsabilitat, assegureu-vos que aquest acc\u00e9s i navegaci\u00f3 compleix amb la legislaci\u00f3 local que us \u00e9s aplicable, no assumint\u00a0<span class=\"blanc-space ng-binding\">ITW Sport<\/span>\u00a0cap responsabilitat que se&#039;n pugui derivar.<\/p><h4>III. ACC\u00c9S I NAVEGACI\u00d3 AL LLOC WEB: EXCLUSI\u00d3 DE GARANTIES I RESPONSABILITAT<\/h4><p><span class=\"blanc-space ng-binding\">ITW Sport<\/span>\u00a0no garanteix la continu\u00eftat, disponibilitat i utilitat del Lloc Web, ni dels Continguts o Serveis.\u00a0<span class=\"blanc-space ng-binding\">ITW Sport<\/span>\u00a0far\u00e0 tot el possible pel bon funcionament del Lloc Web, per\u00f2, no es responsabilitza ni garanteix que l&#039;acc\u00e9s a aquest Lloc Web no sigui ininterromput o que estigui lliure d&#039;error.<\/p><p>Tampoc no es responsabilitza o garanteix que el contingut o programari al qual es pugui accedir a trav\u00e9s d&#039;aquest Lloc Web, estigui lliure d&#039;error o causi un dany al sistema inform\u00e0tic (programari i maquinari) de l&#039;Usuari. En cap cas\u00a0<span class=\"blanc-space ng-binding\">ITW Sport<\/span>\u00a0ser\u00e0 responsable per les p\u00e8rdues, danys o perjudicis de qualsevol tipus que sorgeixin per l&#039;acc\u00e9s, la navegaci\u00f3 i l&#039;\u00fas del Lloc Web, incloent-hi, per\u00f2 no limitant-se, els ocasionats als sistemes inform\u00e0tics o els provocats per la introducci\u00f3 de virus.<\/p><p><span class=\"blanc-space ng-binding\">ITW Sport<\/span>\u00a0tampoc no es fa responsable dels danys que poguessin ocasionar-se als usuaris per un \u00fas inadequat d&#039;aquest Lloc Web. En particular, no es fa responsable de cap manera de les caigudes, interrupcions, falta o defecte de les telecomunicacions que poguessin oc\u00f3rrer.<\/p><h4>IV. POL\u00cdTICA D&#039;ENLLA\u00c7OS<\/h4><p>S&#039;informa que el Lloc Web de\u00a0<span class=\"blanc-space ng-binding\">ITW Sport<\/span>\u00a0posa o pot posar a disposici\u00f3 dels usuaris mitjans d&#039;enlla\u00e7 (com, entre d&#039;altres, links, banners, botons), directoris i motors de cerca que permeten als usuaris accedir a llocs web pertanyents i\/o gestionats per tercers.<\/p><p>La instal\u00b7laci\u00f3 d&#039;aquests enlla\u00e7os, directoris i motors de cerca al Lloc Web t\u00e9 per objecte facilitar als Usuaris la cerca i acc\u00e9s a la informaci\u00f3 disponible a Internet, sense que es pugui considerar un suggeriment, recomanaci\u00f3 o invitaci\u00f3 per visitar-los.<\/p><p><span class=\"blanc-space ng-binding\">ITW Sport<\/span>\u00a0no ofereix ni comercialitza per si mateix ni per mitj\u00e0 de tercers els productes i\/o serveis disponibles en aquests llocs enlla\u00e7ats.<\/p><p>Aix\u00ed mateix, tampoc garantir\u00e0 la disponibilitat t\u00e8cnica, exactitud, veracitat, validesa o legalitat de llocs aliens a la seva propietat a qu\u00e8 es pugui accedir per mitj\u00e0 dels enlla\u00e7os.<\/p><p><span class=\"blanc-space ng-binding\">ITW Sport<\/span>\u00a0en cap cas revisar\u00e0 o controlar\u00e0 el contingut d&#039;altres llocs web, aix\u00ed com tampoc aprova, examina ni fa propis els productes i serveis, continguts, arxius i qualsevol altre material existent als referits llocs enlla\u00e7ats.<\/p><p><span class=\"blanc-space ng-binding\">ITW Sport<\/span>\u00a0no assumeix cap responsabilitat pels danys i perjudicis que poguessin produir-se per l&#039;acc\u00e9s, \u00fas, qualitat o licitud dels continguts, comunicacions, opinions, productes i serveis dels llocs web no gestionats per\u00a0<span class=\"blanc-space ng-binding\">ITW Sport<\/span>\u00a0i que siguin enlla\u00e7ats en aquest Lloc Web.<\/p><p>L&#039;Usuari o tercer que faci un hiperenlla\u00e7 des d&#039;una p\u00e0gina web d&#039;un altre, diferent, lloc web al Lloc Web de\u00a0<span class=\"blanc-space ng-binding\">ITW Sport<\/span>\u00a0haur\u00e0 de saber que:<\/p><p>No es permet la reproducci\u00f3 \u2014totalment o parcialment\u2014 de cap dels Continguts i\/o Serveis del Lloc Web sense autoritzaci\u00f3 expressa de\u00a0<span class=\"blanc-space ng-binding\">ITW Sport<\/span>.<\/p><p>No es permet tampoc cap manifestaci\u00f3 falsa, inexacta o incorrecta sobre el Lloc Web de\u00a0<span class=\"blanc-space ng-binding\">ITW Sport<\/span>, ni sobre els Continguts i\/o Serveis del mateix.<\/p><p>A excepci\u00f3 de l&#039;hiperenlla\u00e7, el lloc web en qu\u00e8 s&#039;estableixi aquest hiperenlla\u00e7 no contindr\u00e0 cap element, d&#039;aquest Lloc Web, protegit com a propietat intel\u00b7lectual per l&#039;ordenament jur\u00eddic espanyol, excepte autoritzaci\u00f3 expressa de\u00a0<span class=\"blanc-space ng-binding\">ITW Sport<\/span>.<\/p><p>L&#039;establiment de l&#039;hipervincle no implicar\u00e0 l&#039;exist\u00e8ncia de relacions entre\u00a0<span class=\"blanc-space ng-binding\">ITW Sport<\/span>\u00a0i el titular del lloc web des del qual es realitzi, ni el coneixement i acceptaci\u00f3 de\u00a0<span class=\"blanc-space ng-binding\">ITW Sport<\/span>\u00a0dels continguts, serveis i\/o activitats ofertes en aquest lloc web, i viceversa.<\/p><h4>V. PROPIETAT INTEL\u00b7LECTUAL I INDUSTRIAL<\/h4><p><span class=\"blanc-space ng-binding\">ITW Sport<\/span>\u00a0per si o com a part cession\u00e0ria, \u00e9s titular de tots els drets de propietat intel\u00b7lectual i industrial del Lloc Web, aix\u00ed com dels elements continguts en aquest (a t\u00edtol enunciatiu i no exhaustiu, imatges, so, \u00e0udio, v\u00eddeo, programari o textos, marques o logotips, combinacions de colors, estructura i disseny, selecci\u00f3 de materials usats, programes d&#039;ordinador necessaris per al seu funcionament). Seran, per tant, obres protegides com a propietat intel\u00b7lectual per l&#039;ordenament jur\u00eddic espanyol, i els seran aplicables tant la normativa espanyola i comunit\u00e0ria en aquest camp, com els tractats internacionals relatius a la mat\u00e8ria i subscrits per Espanya.<\/p><p>Tots els drets reservats. En virtut del que disposa la Llei de propietat intel\u00b7lectual, queden expressament prohibides la reproducci\u00f3, la distribuci\u00f3 i la comunicaci\u00f3 p\u00fablica, inclosa la seva modalitat de posada a disposici\u00f3, de la totalitat o part dels continguts d&#039;aquesta p\u00e0gina web, amb fins comercials, en qualsevol suport i per qualsevol mitj\u00e0 t\u00e8cnic, sense l&#039;autoritzaci\u00f3 de\u00a0<span class=\"blanc-space ng-binding\">ITW Sport<\/span>.<\/p><p>L&#039;Usuari es compromet a respectar els drets de propietat intel\u00b7lectual i industrial de\u00a0<span class=\"blanc-space ng-binding\">ITW Sport<\/span>. Podreu visualitzar els elements del Lloc Web o fins i tot imprimir-los, copiar-los i emmagatzemar-los al disc dur del vostre ordinador o en qualsevol altre suport f\u00edsic sempre que sigui, exclusivament, per al seu \u00fas personal. L&#039;Usuari, per\u00f2, no podr\u00e0 suprimir, alterar, o manipular qualsevol dispositiu de protecci\u00f3 o sistema de seguretat que estigu\u00e9s instal\u00b7lat al Lloc Web.<\/p><p>En cas que l&#039;Usuari o tercer consideri que qualsevol dels Continguts del Lloc Web suposi una violaci\u00f3 dels drets de protecci\u00f3 de la propietat intel\u00b7lectual, ho haur\u00e0 de comunicar immediatament a\u00a0<span class=\"blanc-space ng-binding\">ITW Sport<\/span>\u00a0a trav\u00e9s de les dades de contacte de l\u00b4apartat d\u00b4INFORMACI\u00d3 GENERAL d\u00b4aquest Av\u00eds Legal i Condicions Generals d\u00b4\u00das.<\/p><h4>VI. ACCIONS LEGALS, LEGISLACI\u00d3 APLICABLE I JURISDICCI\u00d3<\/h4><p><span class=\"blanc-space ng-binding\">ITW Sport<\/span>\u00a0es reserva la facultat de presentar les accions civils o penals que consideri necess\u00e0ries per la utilitzaci\u00f3 indeguda del Lloc Web i Continguts, o per l&#039;incompliment de les presents Condicions.<\/p><p>La relaci\u00f3 entre l&#039;Usuari i\u00a0<span class=\"blanc-space ng-binding\">ITW Sport<\/span>\u00a0es regir\u00e0 per la normativa vigent i aplicable al territori espanyol. Si sorgeix qualsevol controv\u00e8rsia en relaci\u00f3 amb la interpretaci\u00f3 i\/o l&#039;aplicaci\u00f3 d&#039;aquestes Condicions, les parts sotmetran els seus conflictes a la jurisdicci\u00f3 ordin\u00e0ria sotmetent-se als jutges i tribunals que corresponguin d&#039;acord amb el dret.<\/p><p>\u00a0<\/p><\/div><\/header>\t\t\t\t\t\t\t\t<\/div>\n\t\t\t\t<\/div>\n\t\t\t\t\t<\/div>\n\t\t\t\t<\/div>\n\t\t\t\t<\/div>","protected":false},"excerpt":{"rendered":"<p>Aviso Legal y Condiciones Generales de Uso I. INFORMACI\u00d3N GENERAL En cumplimiento con el deber de informaci\u00f3n dispuesto en la Ley 34\/2002 de Servicios de la Sociedad de la Informaci\u00f3n y el Comercio Electr\u00f3nico (LSSI-CE) de 11 de julio, se facilitan a continuaci\u00f3n los siguientes datos de informaci\u00f3n general de este sitio web: La titularidad [&hellip;]<\/p>","protected":false},"author":1,"featured_media":0,"parent":0,"menu_order":0,"comment_status":"closed","ping_status":"closed","template":"","meta":{"_acf_changed":false,"footnotes":""},"class_list":["post-1012","page","type-page","status-publish","hentry"],"acf":[],"yoast_head":"<!-- This site is optimized with the Yoast SEO plugin v26.4 - https:\/\/yoast.com\/wordpress\/plugins\/seo\/ -->\n<title>Aviso Legal y Condiciones Generales de Uso - ITW Sport<\/title>\n<meta name=\"robots\" content=\"noindex, follow\" \/>\n<meta property=\"og:locale\" content=\"ca_ES\" \/>\n<meta property=\"og:type\" content=\"article\" \/>\n<meta property=\"og:title\" content=\"Aviso Legal y Condiciones Generales de Uso - ITW Sport\" \/>\n<meta property=\"og:description\" content=\"Aviso Legal y Condiciones Generales de Uso I. INFORMACI\u00d3N GENERAL En cumplimiento con el deber de informaci\u00f3n dispuesto en la Ley 34\/2002 de Servicios de la Sociedad de la Informaci\u00f3n y el Comercio Electr\u00f3nico (LSSI-CE) de 11 de julio, se facilitan a continuaci\u00f3n los siguientes datos de informaci\u00f3n general de este sitio web: La titularidad [&hellip;]\" \/>\n<meta property=\"og:url\" content=\"https:\/\/itwsport.com\/ca\/avis-legal-i-condicions-generals-dus\/\" \/>\n<meta property=\"og:site_name\" content=\"ITW Sport\" \/>\n<meta property=\"article:modified_time\" content=\"2024-04-03T16:36:28+00:00\" \/>\n<meta name=\"twitter:card\" content=\"summary_large_image\" \/>\n<meta name=\"twitter:label1\" content=\"Temps estimat de lectura\" \/>\n\t<meta name=\"twitter:data1\" content=\"9 minuts\" \/>\n<script type=\"application\/ld+json\" class=\"yoast-schema-graph\">{\"@context\":\"https:\/\/schema.org\",\"@graph\":[{\"@type\":\"WebPage\",\"@id\":\"https:\/\/itwsport.com\/aviso-legal-y-condiciones-generales-de-uso\/\",\"url\":\"https:\/\/itwsport.com\/aviso-legal-y-condiciones-generales-de-uso\/\",\"name\":\"Aviso Legal y Condiciones Generales de Uso - ITW Sport\",\"isPartOf\":{\"@id\":\"https:\/\/itwsport.com\/#website\"},\"datePublished\":\"2024-03-09T21:58:42+00:00\",\"dateModified\":\"2024-04-03T16:36:28+00:00\",\"breadcrumb\":{\"@id\":\"https:\/\/itwsport.com\/aviso-legal-y-condiciones-generales-de-uso\/#breadcrumb\"},\"inLanguage\":\"ca\",\"potentialAction\":[{\"@type\":\"ReadAction\",\"target\":[\"https:\/\/itwsport.com\/aviso-legal-y-condiciones-generales-de-uso\/\"]}]},{\"@type\":\"BreadcrumbList\",\"@id\":\"https:\/\/itwsport.com\/aviso-legal-y-condiciones-generales-de-uso\/#breadcrumb\",\"itemListElement\":[{\"@type\":\"ListItem\",\"position\":1,\"name\":\"Portada\",\"item\":\"https:\/\/itwsport.com\/\"},{\"@type\":\"ListItem\",\"position\":2,\"name\":\"Aviso Legal y Condiciones Generales de Uso\"}]},{\"@type\":\"WebSite\",\"@id\":\"https:\/\/itwsport.com\/#website\",\"url\":\"https:\/\/itwsport.com\/\",\"name\":\"ITW Sport\",\"description\":\"- Entrenamientos Deportivos\",\"publisher\":{\"@id\":\"https:\/\/itwsport.com\/#organization\"},\"potentialAction\":[{\"@type\":\"SearchAction\",\"target\":{\"@type\":\"EntryPoint\",\"urlTemplate\":\"https:\/\/itwsport.com\/?s={search_term_string}\"},\"query-input\":{\"@type\":\"PropertyValueSpecification\",\"valueRequired\":true,\"valueName\":\"search_term_string\"}}],\"inLanguage\":\"ca\"},{\"@type\":\"Organization\",\"@id\":\"https:\/\/itwsport.com\/#organization\",\"name\":\"ITW Sport\",\"url\":\"https:\/\/itwsport.com\/\",\"logo\":{\"@type\":\"ImageObject\",\"inLanguage\":\"ca\",\"@id\":\"https:\/\/itwsport.com\/#\/schema\/logo\/image\/\",\"url\":\"https:\/\/itwsport.com\/wp-content\/uploads\/2024\/03\/Recurso-58aaaa@4x.png\",\"contentUrl\":\"https:\/\/itwsport.com\/wp-content\/uploads\/2024\/03\/Recurso-58aaaa@4x.png\",\"width\":673,\"height\":178,\"caption\":\"ITW Sport\"},\"image\":{\"@id\":\"https:\/\/itwsport.com\/#\/schema\/logo\/image\/\"}}]}<\/script>\n<!-- \/ Yoast SEO plugin. -->","yoast_head_json":{"title":"Av\u00eds Legal i Condicions Generals d&#039;\u00das - ITW Sport","robots":{"index":"noindex","follow":"follow"},"og_locale":"ca_ES","og_type":"article","og_title":"Aviso Legal y Condiciones Generales de Uso - ITW Sport","og_description":"Aviso Legal y Condiciones Generales de Uso I. INFORMACI\u00d3N GENERAL En cumplimiento con el deber de informaci\u00f3n dispuesto en la Ley 34\/2002 de Servicios de la Sociedad de la Informaci\u00f3n y el Comercio Electr\u00f3nico (LSSI-CE) de 11 de julio, se facilitan a continuaci\u00f3n los siguientes datos de informaci\u00f3n general de este sitio web: La titularidad [&hellip;]","og_url":"https:\/\/itwsport.com\/ca\/avis-legal-i-condicions-generals-dus\/","og_site_name":"ITW Sport","article_modified_time":"2024-04-03T16:36:28+00:00","twitter_card":"summary_large_image","twitter_misc":{"Temps estimat de lectura":"9 minuts"},"schema":{"@context":"https:\/\/schema.org","@graph":[{"@type":"WebPage","@id":"https:\/\/itwsport.com\/aviso-legal-y-condiciones-generales-de-uso\/","url":"https:\/\/itwsport.com\/aviso-legal-y-condiciones-generales-de-uso\/","name":"Av\u00eds Legal i Condicions Generals d&#039;\u00das - ITW Sport","isPartOf":{"@id":"https:\/\/itwsport.com\/#website"},"datePublished":"2024-03-09T21:58:42+00:00","dateModified":"2024-04-03T16:36:28+00:00","breadcrumb":{"@id":"https:\/\/itwsport.com\/aviso-legal-y-condiciones-generales-de-uso\/#breadcrumb"},"inLanguage":"ca","potentialAction":[{"@type":"ReadAction","target":["https:\/\/itwsport.com\/aviso-legal-y-condiciones-generales-de-uso\/"]}]},{"@type":"BreadcrumbList","@id":"https:\/\/itwsport.com\/aviso-legal-y-condiciones-generales-de-uso\/#breadcrumb","itemListElement":[{"@type":"ListItem","position":1,"name":"Portada","item":"https:\/\/itwsport.com\/"},{"@type":"ListItem","position":2,"name":"Aviso Legal y Condiciones Generales de Uso"}]},{"@type":"WebSite","@id":"https:\/\/itwsport.com\/#website","url":"https:\/\/itwsport.com\/","name":"ITW Sport","description":"- Entrenaments Esportius","publisher":{"@id":"https:\/\/itwsport.com\/#organization"},"potentialAction":[{"@type":"SearchAction","target":{"@type":"EntryPoint","urlTemplate":"https:\/\/itwsport.com\/?s={search_term_string}"},"query-input":{"@type":"PropertyValueSpecification","valueRequired":true,"valueName":"search_term_string"}}],"inLanguage":"ca"},{"@type":"Organization","@id":"https:\/\/itwsport.com\/#organization","name":"ITW Sport","url":"https:\/\/itwsport.com\/","logo":{"@type":"ImageObject","inLanguage":"ca","@id":"https:\/\/itwsport.com\/#\/schema\/logo\/image\/","url":"https:\/\/itwsport.com\/wp-content\/uploads\/2024\/03\/Recurso-58aaaa@4x.png","contentUrl":"https:\/\/itwsport.com\/wp-content\/uploads\/2024\/03\/Recurso-58aaaa@4x.png","width":673,"height":178,"caption":"ITW Sport"},"image":{"@id":"https:\/\/itwsport.com\/#\/schema\/logo\/image\/"}}]}},"_links":{"self":[{"href":"https:\/\/itwsport.com\/ca\/wp-json\/wp\/v2\/pages\/1012","targetHints":{"allow":["GET"]}}],"collection":[{"href":"https:\/\/itwsport.com\/ca\/wp-json\/wp\/v2\/pages"}],"about":[{"href":"https:\/\/itwsport.com\/ca\/wp-json\/wp\/v2\/types\/page"}],"author":[{"embeddable":true,"href":"https:\/\/itwsport.com\/ca\/wp-json\/wp\/v2\/users\/1"}],"replies":[{"embeddable":true,"href":"https:\/\/itwsport.com\/ca\/wp-json\/wp\/v2\/comments?post=1012"}],"version-history":[{"count":11,"href":"https:\/\/itwsport.com\/ca\/wp-json\/wp\/v2\/pages\/1012\/revisions"}],"predecessor-version":[{"id":3826,"href":"https:\/\/itwsport.com\/ca\/wp-json\/wp\/v2\/pages\/1012\/revisions\/3826"}],"wp:attachment":[{"href":"https:\/\/itwsport.com\/ca\/wp-json\/wp\/v2\/media?parent=1012"}],"curies":[{"name":"wp","href":"https:\/\/api.w.org\/{rel}","templated":true}]}}